{"id":561,"date":"2024-08-16T16:58:16","date_gmt":"2024-08-16T14:58:16","guid":{"rendered":"https:\/\/dzikus.com.pl\/?post_type=product&#038;p=561"},"modified":"2024-08-16T17:16:20","modified_gmt":"2024-08-16T15:16:20","slug":"kurtka-mysliwska-hunter-pro","status":"publish","type":"product","link":"https:\/\/dzikus.com.pl\/?product=kurtka-mysliwska-hunter-pro","title":{"rendered":"Kurtka My\u015bliwska HUNTER PRO"},"content":{"rendered":"<h2 style=\"text-align: center;\"><strong>KURTKA MY\u015aLIWSKA HUNTER PRO<\/strong><\/h2>\n<p>Kurtka Hunter Pro jest bardzo wytrzyma\u0142\u0105 kurtk\u0105 stworzon\u0105 dla aktywnie poluj\u0105cych my\u015bliwych.<\/p>\n<p>Luzny kr\u00f3j kurtki, kt\u00f3ra jest ciep\u0142a i wygodna.<\/p>\n<p>Kurtka wykonana jest z materia\u0142u softshell &#8211; wiatroszczelna oraz oddychaj\u0105ca. Z zewn\u0105trz odporna jest na warunki atmosferyczne a od wewn\u0105trz podszyta siatk\u0105 3D zwi\u0119kszaj\u0105ca cyrkulacj\u0119 powietrza.<\/p>\n<p>Kurtka posiada, r\u00f3wnie\u017c obszerny kaptur, kt\u00f3ry pozwoli ochroni\u0107 g\u0142ow\u0119 przed zimnem, wiatrem czy deszczem.<\/p>\n<p>Posiada, tak\u017ce 4 kieszenie dwie u do\u0142u zamykane na zamek, oraz dwie dodatkowe od wewn\u0119trznej strony r\u00f3wnie\u017c zamykane na zamek z prawej i lewej strony kurtki.<\/p>\n<p>Kieszenie s\u0105 pojemne, mo\u017cna na spokojnie schowa\u0107 tam drobiazgi, portfel czy telefon a zamki uchroni\u0105 przed ich zgubieniem.<\/p>\n<p>Zapinana jest na ca\u0142ej d\u0142ugo\u015bci na zamek kryty patk\u0105 na rzepy.<\/p>\n<p>Wzd\u0142u\u017c r\u0119kaw\u00f3w znajduje si\u0119 odblaskowe wypustki.<\/p>\n<p>D\u00f3\u0142 kurtki regulowany jest gum\u0105 co pozwala na regulacj\u0119 obwodu i dopasowanie go do swojego cia\u0142a.<\/p>\n<p>&nbsp;<\/p>\n<p style=\"text-align: center;\"><strong>CHARAKTERYSTYKA:<\/strong><\/p>\n<ol>\n<li>wykonana jest wysokiej jako\u015bci materia\u0142u<\/li>\n<li>gramatura 360g\/m2<\/li>\n<li>oddychalno\u015b\u0107 2000 g\/m2\/24h<\/li>\n<li>slupie wody 10 000<\/li>\n<li>kolor zielony plus czarny<\/li>\n<li>materia\u0142 THERMO -lekki i przyjemny a jednocze\u015bnie nieprzemakalny i wiatroszczelny<\/li>\n<li>wysoka st\u00f3jka chroni\u0105ca szyj\u0119<\/li>\n<li>d\u00f3\u0142 regulowany stoperami<\/li>\n<\/ol>\n<p>&nbsp;<\/p>\n<p style=\"text-align: center;\">Tabela Wymiar\u00f3w:<\/p>\n<table class=\"product-table-size\" style=\"height: 189px;\" width=\"634\" cellpadding=\"0\">\n<tbody>\n<tr>\n<th class=\"cell khaki\" scope=\"row\"><\/th>\n<th class=\"cell khaki\" scope=\"row\"><strong>S<\/strong><\/th>\n<th class=\"cell khaki\" scope=\"row\"><strong>M<\/strong><\/th>\n<th class=\"cell khaki\" scope=\"row\"><strong>L<\/strong><\/th>\n<th class=\"cell khaki\" scope=\"row\"><strong>XL<\/strong><\/th>\n<th class=\"cell khaki\" scope=\"row\"><strong>XXL<\/strong><\/th>\n<\/tr>\n<tr>\n<th class=\"cell\" scope=\"row\">D\u0142ugo\u015b\u0107 z\u00a0przodu (A)<\/th>\n<th class=\"cell\" scope=\"row\">62<\/th>\n<th class=\"cell\" scope=\"row\">67<\/th>\n<th class=\"cell\" scope=\"row\">71<\/th>\n<th class=\"cell\" scope=\"row\">73<\/th>\n<th class=\"cell\" scope=\"row\">75<\/th>\n<\/tr>\n<tr>\n<th class=\"cell\" scope=\"row\">D\u0142ugo\u015b\u0107 z ty\u0142u<\/th>\n<th class=\"cell\" scope=\"row\">71<\/th>\n<th class=\"cell\" scope=\"row\">76<\/th>\n<th class=\"cell\" scope=\"row\">78<\/th>\n<th class=\"cell\" scope=\"row\">80<\/th>\n<th class=\"cell\" scope=\"row\">81<\/th>\n<\/tr>\n<tr>\n<th class=\"cell\" scope=\"row\">Obw\u00f3d od pachy do pachy (B)<\/th>\n<th class=\"cell\" scope=\"row\">108<\/th>\n<th class=\"cell\" scope=\"row\">112<\/th>\n<th class=\"cell\" scope=\"row\">120<\/th>\n<th class=\"cell\" scope=\"row\">132<\/th>\n<th class=\"cell\" scope=\"row\">140<\/th>\n<\/tr>\n<tr>\n<th class=\"cell\" scope=\"row\">Obw\u00f3d do\u0142em<\/th>\n<th class=\"cell\" scope=\"row\">104<\/th>\n<th class=\"cell\" scope=\"row\">112<\/th>\n<th class=\"cell\" scope=\"row\">114<\/th>\n<th class=\"cell\" scope=\"row\">128<\/th>\n<th class=\"cell\" scope=\"row\">138<\/th>\n<\/tr>\n<tr>\n<th class=\"cell\" scope=\"row\">R\u0119kaw (C)<\/th>\n<th class=\"cell\" scope=\"row\">64<\/th>\n<th class=\"cell\" scope=\"row\">69<\/th>\n<th class=\"cell\" scope=\"row\">71<\/th>\n<th class=\"cell\" scope=\"row\">73<\/th>\n<th class=\"cell\" scope=\"row\">75<\/th>\n<\/tr>\n<\/tbody>\n<\/table>\n<div>\n<div>\n<p style=\"text-align: center;\">Tolerancja do 1 cm<\/p>\n<p><img decoding=\"async\" class=\"aligncenter\" src=\"https:\/\/windrose.com.pl\/userdata\/public\/assets\/\/Przechwytywanie.PNG\" alt=\"\" width=\"250\" height=\"197\" \/><\/p>\n<p>&nbsp;<\/p>\n<\/div>\n<\/div>\n","protected":false},"excerpt":{"rendered":"<p>KURTKA MY\u015aLIWSKA HUNTER PRO Kurtka Hunter Pro jest bardzo wytrzyma\u0142\u0105 [&hellip;]<\/p>\n","protected":false},"featured_media":562,"template":"","meta":{"_acf_changed":false},"product_cat":[16,92],"product_tag":[],"class_list":{"0":"post-561","1":"product","2":"type-product","3":"status-publish","4":"has-post-thumbnail","6":"product_cat-odziez","7":"product_cat-kurtki","9":"first","10":"instock","11":"taxable","12":"shipping-taxable","13":"purchasable","14":"product-type-simple"},"acf":[],"jetpack_sharing_enabled":true,"_links":{"self":[{"href":"https:\/\/dzikus.com.pl\/index.php?rest_route=\/wp\/v2\/product\/561","targetHints":{"allow":["GET"]}}],"collection":[{"href":"https:\/\/dzikus.com.pl\/index.php?rest_route=\/wp\/v2\/product"}],"about":[{"href":"https:\/\/dzikus.com.pl\/index.php?rest_route=\/wp\/v2\/types\/product"}],"wp:featuredmedia":[{"embeddable":true,"href":"https:\/\/dzikus.com.pl\/index.php?rest_route=\/wp\/v2\/media\/562"}],"wp:attachment":[{"href":"https:\/\/dzikus.com.pl\/index.php?rest_route=%2Fwp%2Fv2%2Fmedia&parent=561"}],"wp:term":[{"taxonomy":"product_cat","embeddable":true,"href":"https:\/\/dzikus.com.pl\/index.php?rest_route=%2Fwp%2Fv2%2Fproduct_cat&post=561"},{"taxonomy":"product_tag","embeddable":true,"href":"https:\/\/dzikus.com.pl\/index.php?rest_route=%2Fwp%2Fv2%2Fproduct_tag&post=561"}],"curies":[{"name":"wp","href":"https:\/\/api.w.org\/{rel}","templated":true}]}}