{"id":556,"date":"2024-08-16T14:41:43","date_gmt":"2024-08-16T12:41:43","guid":{"rendered":"https:\/\/dzikus.com.pl\/?post_type=product&#038;p=556"},"modified":"2024-08-16T14:41:43","modified_gmt":"2024-08-16T12:41:43","slug":"kurtka-hybrydowa-garuga-hunter","status":"publish","type":"product","link":"https:\/\/dzikus.com.pl\/?product=kurtka-hybrydowa-garuga-hunter","title":{"rendered":"Kurtka Hybrydowa GARUGA HUNTER"},"content":{"rendered":"<h2 style=\"text-align: center;\"><strong>Kurtka Hybrydowa GARUGA HUNTER<\/strong><\/h2>\n<p>Kurtka\/Polar wykonana jest z dw\u00f3ch materia\u0142\u00f3w THERMO-POLAR w kolorze zielonym jak i SOFTSHELL TERMO w kolorze czarnym. Zapewniaj\u0105 ciep\u0142o i wysoki komfort u\u017cytkowania.<\/p>\n<p>R\u0119kawy, kaptur i karczek wykonane s\u0105 z softshella co daje ochron\u0119 przed opadami i wiatrem.<\/p>\n<p>Boczne wstawki zwi\u0119kszaj\u0105 komfort u\u017cytkowania jak r\u00f3wnie\u017c jej wytrzyma\u0142o\u015b\u0107.<\/p>\n<p>Na dole regulacja obwodu-stopery i gumo sznurek. R\u0119kawy zako\u0144czone s\u0105 \u015bci\u0105gaczem.<\/p>\n<p>Kurtko\/Polar nie szele\u015bci, posiada odpinany kaptur jak r\u00f3wnie\u017c 3 kieszenie zamykane na zamek.<\/p>\n<p>Na piersi oraz z ty\u0142u na \u0142opatce znajduje si\u0119 haft z logo &#8222;HUNTER&#8221;<\/p>\n<p>Kurtko\/Polar nadaje si\u0119 dla my\u015bliwych, le\u015bnik\u00f3w ,mi\u0142o\u015bnik\u00f3w polowa\u0144 jak te\u017c do codziennego u\u017cytkowania.<\/p>\n<p>&nbsp;<\/p>\n<p style=\"text-align: center;\"><strong>Charakterystyka:<\/strong><\/p>\n<ol>\n<li>wysoka jako\u015b\u0107 materia\u0142u o gramaturze 270g\/m2<\/li>\n<li>kolor zielony plus czarny<\/li>\n<li>odpinany kaptur<\/li>\n<li>3 kieszenie na zamek<\/li>\n<li>regulowany \u015bci\u0105gacz na dole<\/li>\n<li>wyko\u0144czenie antypillingowe &#8211; nie mechaci si\u0119<\/li>\n<\/ol>\n<p>&nbsp;<\/p>\n<p style=\"text-align: center;\">\u00a0<strong>Tabela Wymiar\u00f3w:<\/strong><\/p>\n<table class=\"product-table-size\" style=\"height: 156px;\" width=\"623\" cellpadding=\"0\">\n<tbody>\n<tr>\n<th class=\"cell khaki\" scope=\"row\"><\/th>\n<th class=\"cell khaki\" scope=\"row\"><strong>S<\/strong><\/th>\n<th class=\"cell khaki\" scope=\"row\"><strong>M<\/strong><\/th>\n<th class=\"cell khaki\" scope=\"row\"><strong>L<\/strong><\/th>\n<th class=\"cell khaki\" scope=\"row\"><strong>XL<\/strong><\/th>\n<th class=\"cell khaki\" scope=\"row\"><strong>XXL<\/strong><\/th>\n<th class=\"cell khaki\" scope=\"row\"><strong>3XL<\/strong><\/th>\n<\/tr>\n<tr>\n<th class=\"cell\" scope=\"row\">D\u0142ugo\u015b\u0107 z\u00a0przodu (A)<\/th>\n<th class=\"cell\" scope=\"row\">64<\/th>\n<th class=\"cell\" scope=\"row\">67<\/th>\n<th class=\"cell\" scope=\"row\">70<\/th>\n<th class=\"cell\" scope=\"row\">74<\/th>\n<th class=\"cell\" scope=\"row\">78<\/th>\n<th class=\"cell\" scope=\"row\">80<\/th>\n<\/tr>\n<tr>\n<th class=\"cell\" scope=\"row\">Obw\u00f3d od pachy do pachy (B)<\/th>\n<th class=\"cell\" scope=\"row\">106<\/th>\n<th class=\"cell\" scope=\"row\">114<\/th>\n<th class=\"cell\" scope=\"row\">118<\/th>\n<th class=\"cell\" scope=\"row\">124<\/th>\n<th class=\"cell\" scope=\"row\">140<\/th>\n<th class=\"cell\" scope=\"row\">146<\/th>\n<\/tr>\n<tr>\n<th class=\"cell\" scope=\"row\">R\u0119kaw (C)<\/th>\n<th class=\"cell\" scope=\"row\">64<\/th>\n<th class=\"cell\" scope=\"row\">65<\/th>\n<th class=\"cell\" scope=\"row\">67<\/th>\n<th class=\"cell\" scope=\"row\">67<\/th>\n<th class=\"cell\" scope=\"row\">68<\/th>\n<th class=\"cell\" scope=\"row\">69<\/th>\n<\/tr>\n<\/tbody>\n<\/table>\n<div>\n<div>\n<p style=\"text-align: center;\">Tolerancja do 1 cm<\/p>\n<p style=\"text-align: center;\">\u00a0<img decoding=\"async\" src=\"https:\/\/windrose.com.pl\/userdata\/public\/assets\/\/Przechwytywanie.PNG\" alt=\"\" width=\"250\" height=\"197\" \/><\/p>\n<\/div>\n<\/div>\n","protected":false},"excerpt":{"rendered":"<p>Kurtka Hybrydowa GARUGA HUNTER Kurtka\/Polar wykonana jest z dw\u00f3ch materia\u0142\u00f3w [&hellip;]<\/p>\n","protected":false},"featured_media":557,"template":"","meta":{"_acf_changed":false},"product_cat":[16,92],"product_tag":[],"class_list":{"0":"post-556","1":"product","2":"type-product","3":"status-publish","4":"has-post-thumbnail","6":"product_cat-odziez","7":"product_cat-kurtki","9":"first","10":"instock","11":"taxable","12":"shipping-taxable","13":"purchasable","14":"product-type-simple"},"acf":[],"jetpack_sharing_enabled":true,"_links":{"self":[{"href":"https:\/\/dzikus.com.pl\/index.php?rest_route=\/wp\/v2\/product\/556","targetHints":{"allow":["GET"]}}],"collection":[{"href":"https:\/\/dzikus.com.pl\/index.php?rest_route=\/wp\/v2\/product"}],"about":[{"href":"https:\/\/dzikus.com.pl\/index.php?rest_route=\/wp\/v2\/types\/product"}],"wp:featuredmedia":[{"embeddable":true,"href":"https:\/\/dzikus.com.pl\/index.php?rest_route=\/wp\/v2\/media\/557"}],"wp:attachment":[{"href":"https:\/\/dzikus.com.pl\/index.php?rest_route=%2Fwp%2Fv2%2Fmedia&parent=556"}],"wp:term":[{"taxonomy":"product_cat","embeddable":true,"href":"https:\/\/dzikus.com.pl\/index.php?rest_route=%2Fwp%2Fv2%2Fproduct_cat&post=556"},{"taxonomy":"product_tag","embeddable":true,"href":"https:\/\/dzikus.com.pl\/index.php?rest_route=%2Fwp%2Fv2%2Fproduct_tag&post=556"}],"curies":[{"name":"wp","href":"https:\/\/api.w.org\/{rel}","templated":true}]}}