{"id":551,"date":"2024-08-16T14:20:37","date_gmt":"2024-08-16T12:20:37","guid":{"rendered":"https:\/\/dzikus.com.pl\/?post_type=product&#038;p=551"},"modified":"2024-09-05T10:52:49","modified_gmt":"2024-09-05T08:52:49","slug":"kurtka-mysliwska-hunter-orange-camo","status":"publish","type":"product","link":"https:\/\/dzikus.com.pl\/?product=kurtka-mysliwska-hunter-orange-camo","title":{"rendered":"Kurtka my\u015bliwska HUNTER ORANGE CAMO"},"content":{"rendered":"<h2 style=\"text-align: center;\">KURTKA MY\u015aLIWSKA HUNTER ORANGE CAMO<\/h2>\n<p>Kurtka my\u015bliwska w unikatowym kolorze ORANGE CAMO.<\/p>\n<p>Kurtka wykonana jest z thermo softshella 360 o wysokich parametrach, jest wodoodporna oraz wiatroszczeln\u0105.<\/p>\n<p>TR\u00d3J-LAMINAT softshell zapewnia ciep\u0142o i chroni przed przemakaniem w trudnych warunkach, posiada oddychaj\u0105c\u0105 membran\u0119.<\/p>\n<p>Materia\u0142 w kolorze pomara\u0144czowego kamufla\u017cu, na ramionach oraz na r\u0119kawach znajduj\u0105 si\u0119 wstawki z zielonego softshella- IDEALNE NA ZBIOR\u00d3WKI.<\/p>\n<p>Kurtka jest bardzo funkcjonalna oraz cicha podczas poruszania si\u0119.<\/p>\n<p>Kurtka wyposa\u017cona jest w regulowany, odpinany kaptur.<\/p>\n<p>Kurtka posiada a\u017c 4 kieszenie, kt\u00f3re s\u0105 zamykane na zamek.<\/p>\n<p>&nbsp;<\/p>\n<p style=\"text-align: center;\"><strong>CHARAKTERYSTYKA:<\/strong><\/p>\n<ol>\n<li>wysoka jako\u015b\u0107 wykonania kurtki gramatura 360g\/m2<\/li>\n<li>oddychalno\u015b\u0107 2000g\/m2\/24h<\/li>\n<li>slupie wody 10 000<\/li>\n<li>wysoka st\u00f3jka chroni\u0105ca szyj\u0119<\/li>\n<li>materia\u0142 THERMO-lekki i przyjemny a zarazem nieprzemakalny i wiatroszczelny<\/li>\n<li>d\u0142u\u017cszy ty\u0142 kurtki dzi\u0119ki czemu chroni plecy<\/li>\n<li>d\u00f3\u0142 regulowany stoperami<\/li>\n<\/ol>\n<p>&nbsp;<\/p>\n<p style=\"text-align: center;\"><strong>Tabela Wymiar\u00f3w:<\/strong><\/p>\n<table class=\"product-table-size\" style=\"height: 183px;\" width=\"614\" cellpadding=\"0\">\n<tbody>\n<tr>\n<th class=\"cell khaki\" scope=\"row\"><\/th>\n<th class=\"cell khaki\" scope=\"row\"><strong>S<\/strong><\/th>\n<th class=\"cell khaki\" scope=\"row\"><strong>M<\/strong><\/th>\n<th class=\"cell khaki\" scope=\"row\"><strong>L<\/strong><\/th>\n<th class=\"cell khaki\" scope=\"row\"><strong>XL<\/strong><\/th>\n<th class=\"cell khaki\" scope=\"row\"><strong>XXL<\/strong><\/th>\n<\/tr>\n<tr>\n<th class=\"cell\" scope=\"row\">D\u0142ugo\u015b\u0107 z\u00a0przodu (A)<\/th>\n<th class=\"cell\" scope=\"row\">65,5<\/th>\n<th class=\"cell\" scope=\"row\">67<\/th>\n<th class=\"cell\" scope=\"row\">71<\/th>\n<th class=\"cell\" scope=\"row\">74<\/th>\n<th class=\"cell\" scope=\"row\">79<\/th>\n<\/tr>\n<tr>\n<th class=\"cell\" scope=\"row\">D\u0142ugo\u015b\u0107 z ty\u0142u<\/th>\n<th class=\"cell\" scope=\"row\">72,5<\/th>\n<th class=\"cell\" scope=\"row\">74,5<\/th>\n<th class=\"cell\" scope=\"row\">77,5<\/th>\n<th class=\"cell\" scope=\"row\">80<\/th>\n<th class=\"cell\" scope=\"row\">81,5<\/th>\n<\/tr>\n<tr>\n<th class=\"cell\" scope=\"row\">Obw\u00f3d od pachy do pachy (B)<\/th>\n<th class=\"cell\" scope=\"row\">106<\/th>\n<th class=\"cell\" scope=\"row\">112<\/th>\n<th class=\"cell\" scope=\"row\">120<\/th>\n<th class=\"cell\" scope=\"row\">128<\/th>\n<th class=\"cell\" scope=\"row\">136<\/th>\n<\/tr>\n<tr>\n<th class=\"cell\" scope=\"row\">Obw\u00f3d do\u0142em<\/th>\n<th class=\"cell\" scope=\"row\">104<\/th>\n<th class=\"cell\" scope=\"row\">108<\/th>\n<th class=\"cell\" scope=\"row\">114<\/th>\n<th class=\"cell\" scope=\"row\">122<\/th>\n<th class=\"cell\" scope=\"row\">134<\/th>\n<\/tr>\n<tr>\n<th class=\"cell\" scope=\"row\">R\u0119kaw (C)<\/th>\n<th class=\"cell\" scope=\"row\">65,5<\/th>\n<th class=\"cell\" scope=\"row\">66,5<\/th>\n<th class=\"cell\" scope=\"row\">68,5<\/th>\n<th class=\"cell\" scope=\"row\">69,5<\/th>\n<th class=\"cell\" scope=\"row\">70<\/th>\n<\/tr>\n<\/tbody>\n<\/table>\n<div>\n<div>\n<p style=\"text-align: center;\">Tolerancja do 1 cm<\/p>\n<p><img decoding=\"async\" class=\"aligncenter\" src=\"https:\/\/windrose.com.pl\/userdata\/public\/assets\/\/Przechwytywanie.PNG\" alt=\"\" width=\"250\" height=\"197\" \/><\/p>\n<\/div>\n<\/div>\n","protected":false},"excerpt":{"rendered":"<p>KURTKA MY\u015aLIWSKA HUNTER ORANGE CAMO Kurtka my\u015bliwska w unikatowym kolorze [&hellip;]<\/p>\n","protected":false},"featured_media":552,"template":"","meta":{"_acf_changed":false},"product_cat":[16,92,39],"product_tag":[],"class_list":{"0":"post-551","1":"product","2":"type-product","3":"status-publish","4":"has-post-thumbnail","6":"product_cat-odziez","7":"product_cat-kurtki","8":"product_cat-na-zbiorowke","10":"first","11":"instock","12":"taxable","13":"shipping-taxable","14":"purchasable","15":"product-type-simple"},"acf":[],"jetpack_sharing_enabled":true,"_links":{"self":[{"href":"https:\/\/dzikus.com.pl\/index.php?rest_route=\/wp\/v2\/product\/551","targetHints":{"allow":["GET"]}}],"collection":[{"href":"https:\/\/dzikus.com.pl\/index.php?rest_route=\/wp\/v2\/product"}],"about":[{"href":"https:\/\/dzikus.com.pl\/index.php?rest_route=\/wp\/v2\/types\/product"}],"wp:featuredmedia":[{"embeddable":true,"href":"https:\/\/dzikus.com.pl\/index.php?rest_route=\/wp\/v2\/media\/552"}],"wp:attachment":[{"href":"https:\/\/dzikus.com.pl\/index.php?rest_route=%2Fwp%2Fv2%2Fmedia&parent=551"}],"wp:term":[{"taxonomy":"product_cat","embeddable":true,"href":"https:\/\/dzikus.com.pl\/index.php?rest_route=%2Fwp%2Fv2%2Fproduct_cat&post=551"},{"taxonomy":"product_tag","embeddable":true,"href":"https:\/\/dzikus.com.pl\/index.php?rest_route=%2Fwp%2Fv2%2Fproduct_tag&post=551"}],"curies":[{"name":"wp","href":"https:\/\/api.w.org\/{rel}","templated":true}]}}