{"id":546,"date":"2024-08-16T13:57:05","date_gmt":"2024-08-16T11:57:05","guid":{"rendered":"https:\/\/dzikus.com.pl\/?post_type=product&#038;p=546"},"modified":"2024-08-16T13:57:05","modified_gmt":"2024-08-16T11:57:05","slug":"bluza-hybrydowa-seca-hunter","status":"publish","type":"product","link":"https:\/\/dzikus.com.pl\/?product=bluza-hybrydowa-seca-hunter","title":{"rendered":"Bluza Hybrydowa SECA HUNTER"},"content":{"rendered":"<p>Bluza Hybrydowa SECA HUNTER<\/p>\n<p>&nbsp;<\/p>\n<p>Bluza cechuje si\u0119 niezawodno\u015bci\u0105, chroni przed utrat\u0105 ciep\u0142a, zachowuj\u0105c przy tym przep\u0142yw powietrza.<\/p>\n<p>Bluza nie wch\u0142ania szybko wilgoci oraz ma \u015bwietn\u0105 cyrkulacj\u0119.<\/p>\n<p>Bluza po\u0142\u0105czona jest z dw\u00f3ch rodzaj\u00f3w materia\u0142\u00f3w: SOFTSHELL plus DZIANINA.<\/p>\n<p>Wstawki na ramionach i bokach ochroni\u0105 przed niewielkim deszczem i przetarciami.<\/p>\n<p>Bluza dedykowana jest na wyprawy my\u015bliwskie ale tak\u017ce \u015bwietnie sprawdzi si\u0119 podczas codziennego u\u017cytkowania, gdy\u017c posiada wysok\u0105 st\u00f3jk\u0119 i chroni szyj\u0119 przed wiatrem.<\/p>\n<p>Oczywi\u015bcie bluza posiada na lewej piersi oraz prawej \u0142opatce logo &#8222;HUNTER&#8221;<\/p>\n<p style=\"text-align: center;\"><strong>CHARAKTERYSTYKA:<\/strong><\/p>\n<ol>\n<li>mocne zamki<\/li>\n<li>d\u00f3\u0142 regulowany \u015bci\u0105gaczami<\/li>\n<li>wykonany z oryginalnej dzianiny<\/li>\n<li>st\u00f3jka chroni\u0105ca szyj\u0119 przed wiatrem<\/li>\n<li>trzy kieszenie zapinane na zamki<\/li>\n<li>wysoka jako\u015b\u0107 materia\u0142u o gramaturze 330g\/m2<\/li>\n<li>kolor zielony<\/li>\n<\/ol>\n<p>&nbsp;<\/p>\n<p style=\"text-align: center;\"><strong>Tabela Wymiar\u00f3w<\/strong><\/p>\n<table class=\"product-table-size\" style=\"height: 182px;\" width=\"570\" cellpadding=\"0\">\n<tbody>\n<tr>\n<th class=\"cell khaki\" scope=\"row\"><\/th>\n<th class=\"cell khaki\" scope=\"row\"><strong>S<\/strong><\/th>\n<th class=\"cell khaki\" scope=\"row\"><strong>M<\/strong><\/th>\n<th class=\"cell khaki\" scope=\"row\"><strong>L<\/strong><\/th>\n<th class=\"cell khaki\" scope=\"row\"><strong>XL<\/strong><\/th>\n<th class=\"cell khaki\" scope=\"row\"><strong>2XL<\/strong><\/th>\n<th class=\"cell khaki\" scope=\"row\"><strong>3XL<\/strong><\/th>\n<\/tr>\n<tr>\n<th class=\"cell\" scope=\"row\">D\u0142ugo\u015b\u0107 (A)<\/th>\n<th class=\"cell\" scope=\"row\">65<\/th>\n<th class=\"cell\" scope=\"row\">68<\/th>\n<th class=\"cell\" scope=\"row\">70<\/th>\n<th class=\"cell\" scope=\"row\">74<\/th>\n<th class=\"cell\" scope=\"row\">78<\/th>\n<th class=\"cell\" scope=\"row\">80<\/th>\n<\/tr>\n<tr>\n<th class=\"cell\" scope=\"row\">Obw\u00f3d\u00a0(biust) (B)<\/th>\n<th class=\"cell\" scope=\"row\">108<\/th>\n<th class=\"cell\" scope=\"row\">114<\/th>\n<th class=\"cell\" scope=\"row\">122<\/th>\n<th class=\"cell\" scope=\"row\">128<\/th>\n<th class=\"cell\" scope=\"row\">138<\/th>\n<th class=\"cell\" scope=\"row\">146<\/th>\n<\/tr>\n<tr>\n<th class=\"cell\" scope=\"row\">R\u0119kaw (C)<\/th>\n<th class=\"cell\" scope=\"row\">66<\/th>\n<th class=\"cell\" scope=\"row\">66<\/th>\n<th class=\"cell\" scope=\"row\">67<\/th>\n<th class=\"cell\" scope=\"row\">68<\/th>\n<th class=\"cell\" scope=\"row\">72<\/th>\n<th class=\"cell\" scope=\"row\">74<\/th>\n<\/tr>\n<\/tbody>\n<\/table>\n<div>\n<div>\n<p style=\"text-align: center;\">Tolerancja do 1 cm<\/p>\n<p><img decoding=\"async\" class=\"aligncenter\" src=\"https:\/\/windrose.com.pl\/userdata\/public\/assets\/\/Przechwytywanie.PNG\" alt=\"\" width=\"315\" height=\"248\" \/><\/p>\n<\/div>\n<\/div>\n<p>&nbsp;<\/p>\n","protected":false},"excerpt":{"rendered":"<p>Bluza Hybrydowa SECA HUNTER &nbsp; Bluza cechuje si\u0119 niezawodno\u015bci\u0105, chroni [&hellip;]<\/p>\n","protected":false},"featured_media":547,"template":"","meta":{"_acf_changed":false},"product_cat":[16,27],"product_tag":[],"class_list":{"0":"post-546","1":"product","2":"type-product","3":"status-publish","4":"has-post-thumbnail","6":"product_cat-odziez","7":"product_cat-bluzy","9":"first","10":"instock","11":"taxable","12":"shipping-taxable","13":"purchasable","14":"product-type-simple"},"acf":[],"jetpack_sharing_enabled":true,"_links":{"self":[{"href":"https:\/\/dzikus.com.pl\/index.php?rest_route=\/wp\/v2\/product\/546","targetHints":{"allow":["GET"]}}],"collection":[{"href":"https:\/\/dzikus.com.pl\/index.php?rest_route=\/wp\/v2\/product"}],"about":[{"href":"https:\/\/dzikus.com.pl\/index.php?rest_route=\/wp\/v2\/types\/product"}],"wp:featuredmedia":[{"embeddable":true,"href":"https:\/\/dzikus.com.pl\/index.php?rest_route=\/wp\/v2\/media\/547"}],"wp:attachment":[{"href":"https:\/\/dzikus.com.pl\/index.php?rest_route=%2Fwp%2Fv2%2Fmedia&parent=546"}],"wp:term":[{"taxonomy":"product_cat","embeddable":true,"href":"https:\/\/dzikus.com.pl\/index.php?rest_route=%2Fwp%2Fv2%2Fproduct_cat&post=546"},{"taxonomy":"product_tag","embeddable":true,"href":"https:\/\/dzikus.com.pl\/index.php?rest_route=%2Fwp%2Fv2%2Fproduct_tag&post=546"}],"curies":[{"name":"wp","href":"https:\/\/api.w.org\/{rel}","templated":true}]}}