{"id":545,"date":"2024-08-16T13:36:02","date_gmt":"2024-08-16T11:36:02","guid":{"rendered":"http:\/\/dzikus.com.pl\/?post_type=product&#038;p=545"},"modified":"2024-09-09T08:12:56","modified_gmt":"2024-09-09T06:12:56","slug":"bluza-funkcyjna-leste-hunter","status":"publish","type":"product","link":"https:\/\/dzikus.com.pl\/?product=bluza-funkcyjna-leste-hunter","title":{"rendered":"Bluza Funkcyjna LESTE HUNTER"},"content":{"rendered":"<h2 style=\"text-align: center;\"><strong>Bluza Funkcyjna LESTE HUNTER<\/strong><\/h2>\n<p>Bluza rozpinana, wykonana jest z materia\u0142u funkcyjnego typu STRETCH czyli tkanina niemn\u0105ca si\u0119, matowa, bardzo elastyczna.<\/p>\n<p>Materia\u0142 impregnowany czyli efekt sp\u0142ywu wody &#8222;jak po kaczce&#8221;<\/p>\n<p>Bluza wykonana jest z cienkiego materia\u0142u, cechuje j\u0105 g\u0119sty splot oraz du\u017ca odporno\u015b\u0107 na rozci\u0105ganie. Jest wygodna i lekka a zarazem praktyczna, gdy\u017c nie kr\u0119puje ruch\u00f3w.<\/p>\n<p>Bluza posiada r\u00f3wnie\u017c trzy kieszenie, kt\u00f3re s\u0105 zamykane na zamek.<\/p>\n<p>D\u00f3\u0142 bluzy regulowany dzi\u0119ki czemu mo\u017cna lepiej dopasowa\u0107 do obwodu naszego cia\u0142a.<\/p>\n<p>Bluza przeznaczona jest bardziej na wiosenno-letni okres, natomiast jesieni\u0105 oraz zim\u0105 pod kurtk\u0119.<\/p>\n<p>Du\u017c\u0105 zalet\u0105 bluzy jest to, \u017ce zajmuje ma\u0142o miejsca i jest lekka.<\/p>\n<p>Na Ramionach posiada wstawki z softshella czyli materia\u0142u mi\u0119kkiego i odpornego na przemakanie.<\/p>\n<p>Bluza wykonana jest w pi\u0119knym kolorze my\u015bliwskim KHAKI w jednej tonacji.<\/p>\n<p>Bluza dedykowana dla my\u015bliwych i mi\u0142o\u015bnik\u00f3w polowa\u0144- NIE SZELE\u015aCI !!!!<\/p>\n<p>&nbsp;<\/p>\n<p style=\"text-align: center;\"><strong>CHARAKTERYSTYKA:<\/strong><\/p>\n<ol>\n<li>klasyczny kr\u00f3j<\/li>\n<li>lekka tkanina<\/li>\n<li>d\u00f3\u0142 regulowany gum\u0105<\/li>\n<li>logo na piersi po lewej stronie &#8222;HUNTER&#8221;<\/li>\n<li>zapinane kieszenie na zamki<\/li>\n<\/ol>\n<p>&nbsp;<\/p>\n<p style=\"text-align: center;\"><strong>Tabela Wymiar\u00f3w<\/strong><\/p>\n<p>&nbsp;<\/p>\n<table class=\"product-table-size\" style=\"height: 148px;\" width=\"608\" cellpadding=\"0\">\n<tbody>\n<tr>\n<th class=\"cell khaki\" scope=\"row\"><\/th>\n<th class=\"cell khaki\" scope=\"row\"><strong>S<\/strong><\/th>\n<th class=\"cell khaki\" scope=\"row\"><strong>M<\/strong><\/th>\n<th class=\"cell khaki\" scope=\"row\"><strong>L<\/strong><\/th>\n<th class=\"cell khaki\" scope=\"row\"><strong>XL<\/strong><\/th>\n<th class=\"cell khaki\" scope=\"row\"><strong>2XL<\/strong><\/th>\n<\/tr>\n<tr>\n<th class=\"cell\" scope=\"row\">D\u0142ugo\u015b\u0107 z\u00a0przodu (A)<\/th>\n<th class=\"cell\" scope=\"row\">64<\/th>\n<th class=\"cell\" scope=\"row\">69<\/th>\n<th class=\"cell\" scope=\"row\">73<\/th>\n<th class=\"cell\" scope=\"row\">77<\/th>\n<th class=\"cell\" scope=\"row\">77<\/th>\n<\/tr>\n<tr>\n<th class=\"cell\" scope=\"row\">Obw\u00f3d od pachy do pachy (B)<\/th>\n<th class=\"cell\" scope=\"row\">108<\/th>\n<th class=\"cell\" scope=\"row\">114<\/th>\n<th class=\"cell\" scope=\"row\">120<\/th>\n<th class=\"cell\" scope=\"row\">126<\/th>\n<th class=\"cell\" scope=\"row\">134<\/th>\n<\/tr>\n<tr>\n<th class=\"cell\" scope=\"row\">R\u0119kaw (C)<\/th>\n<th class=\"cell\" scope=\"row\">66<\/th>\n<th class=\"cell\" scope=\"row\">67<\/th>\n<th class=\"cell\" scope=\"row\">67<\/th>\n<th class=\"cell\" scope=\"row\">68<\/th>\n<th class=\"cell\" scope=\"row\">69<\/th>\n<\/tr>\n<\/tbody>\n<\/table>\n<div>\n<p style=\"text-align: center;\">Tolerancja do 1 cm<\/p>\n<\/div>\n<p style=\"text-align: center;\">\u00a0<img decoding=\"async\" class=\"aligncenter\" src=\"https:\/\/windrose.com.pl\/userdata\/public\/assets\/\/Przechwytywanie.PNG\" alt=\"\" width=\"186\" height=\"146\" \/><\/p>\n","protected":false},"excerpt":{"rendered":"<p>Bluza Funkcyjna LESTE HUNTER Bluza rozpinana, wykonana jest z materia\u0142u [&hellip;]<\/p>\n","protected":false},"featured_media":1075,"template":"","meta":{"_acf_changed":false},"product_cat":[16,27],"product_tag":[28],"class_list":{"0":"post-545","1":"product","2":"type-product","3":"status-publish","4":"has-post-thumbnail","6":"product_cat-odziez","7":"product_cat-bluzy","8":"product_tag-bluza-mysliwska","10":"first","11":"instock","12":"taxable","13":"shipping-taxable","14":"purchasable","15":"product-type-simple"},"acf":[],"jetpack_sharing_enabled":true,"_links":{"self":[{"href":"https:\/\/dzikus.com.pl\/index.php?rest_route=\/wp\/v2\/product\/545","targetHints":{"allow":["GET"]}}],"collection":[{"href":"https:\/\/dzikus.com.pl\/index.php?rest_route=\/wp\/v2\/product"}],"about":[{"href":"https:\/\/dzikus.com.pl\/index.php?rest_route=\/wp\/v2\/types\/product"}],"wp:featuredmedia":[{"embeddable":true,"href":"https:\/\/dzikus.com.pl\/index.php?rest_route=\/wp\/v2\/media\/1075"}],"wp:attachment":[{"href":"https:\/\/dzikus.com.pl\/index.php?rest_route=%2Fwp%2Fv2%2Fmedia&parent=545"}],"wp:term":[{"taxonomy":"product_cat","embeddable":true,"href":"https:\/\/dzikus.com.pl\/index.php?rest_route=%2Fwp%2Fv2%2Fproduct_cat&post=545"},{"taxonomy":"product_tag","embeddable":true,"href":"https:\/\/dzikus.com.pl\/index.php?rest_route=%2Fwp%2Fv2%2Fproduct_tag&post=545"}],"curies":[{"name":"wp","href":"https:\/\/api.w.org\/{rel}","templated":true}]}}