{"id":541,"date":"2024-08-16T12:06:55","date_gmt":"2024-08-16T10:06:55","guid":{"rendered":"http:\/\/dzikus.com.pl\/?post_type=product&#038;p=541"},"modified":"2024-08-16T12:06:55","modified_gmt":"2024-08-16T10:06:55","slug":"bluza-dresowa-mysliwska","status":"publish","type":"product","link":"https:\/\/dzikus.com.pl\/?product=bluza-dresowa-mysliwska","title":{"rendered":"Bluza dresowa my\u015bliwska"},"content":{"rendered":"<p>Bluza Dresowa My\u015bliwska HUNTER<\/p>\n<p>&nbsp;<\/p>\n<p>Idealna bluza na wiosn\u0119 i na jesie\u0144, jak r\u00f3wnie\u017c na zim\u0119 pod kurtk\u0119.<\/p>\n<p>KOLEKCJA HUNTER dedykowana dla my\u015bliwych i mi\u0142o\u015bnik\u00f3w polowa\u0144.<\/p>\n<p>KOLOR KHAKI W JEDNEJ TONACJ.<\/p>\n<p>R\u0119kawy jak i d\u00f3\u0142 bluzy zako\u0144czony jest \u015bci\u0105gaczem, prosty kr\u00f3j ze szwami bocznymi.<\/p>\n<p>Grubo\u015b\u0107 materia\u0142u -300g\/m2<\/p>\n<p>Lekka i wygodna bluza bardzo praktyczna, gdy\u017c nie kr\u0119puje ruch\u00f3w.<\/p>\n<p>&nbsp;<\/p>\n<p>CHARAKTERYSTYKA:<\/p>\n<ol>\n<li>klasyczny kr\u00f3j<\/li>\n<li>r\u0119kawy jak i d\u00f3\u0142 bluzy wyko\u0144czony pr\u0105\u017ckowanymi \u015bci\u0105gaczami<\/li>\n<li>po lewej stronie na piersi haft z logo &#8222;Hunter&#8221;<\/li>\n<li>gramatura 300g\/m2<\/li>\n<li>65 % bawe\u0142na, 35 % poliester<\/li>\n<\/ol>\n<p>&nbsp;<\/p>\n<p style=\"text-align: center;\"><strong>Tabela Wymiar\u00f3w<\/strong><\/p>\n<table class=\"product-table-size\" style=\"height: 131px;\" width=\"546\" cellpadding=\"0\">\n<tbody>\n<tr>\n<th class=\"cell khaki\" scope=\"row\"><\/th>\n<th class=\"cell khaki\" scope=\"row\"><strong>S<\/strong><\/th>\n<th class=\"cell khaki\" scope=\"row\"><strong>M<\/strong><\/th>\n<th class=\"cell khaki\" scope=\"row\"><strong>L<\/strong><\/th>\n<th class=\"cell khaki\" scope=\"row\"><strong>XL<\/strong><\/th>\n<th class=\"cell khaki\" scope=\"row\"><strong>2XL<\/strong><\/th>\n<th class=\"cell khaki\" scope=\"row\"><strong>3XL<\/strong><\/th>\n<\/tr>\n<tr>\n<th class=\"cell\" scope=\"row\">D\u0142ugo\u015b\u0107 z\u00a0przodu (A)<\/th>\n<th class=\"cell\" scope=\"row\">72<\/th>\n<th class=\"cell\" scope=\"row\">74<\/th>\n<th class=\"cell\" scope=\"row\">76<\/th>\n<th class=\"cell\" scope=\"row\">78<\/th>\n<th class=\"cell\" scope=\"row\">80<\/th>\n<th class=\"cell\" scope=\"row\">82<\/th>\n<\/tr>\n<tr>\n<th class=\"cell\" scope=\"row\">Obw\u00f3d od pachy do pachy (B)<\/th>\n<th class=\"cell\" scope=\"row\">104<\/th>\n<th class=\"cell\" scope=\"row\">112<\/th>\n<th class=\"cell\" scope=\"row\">120<\/th>\n<th class=\"cell\" scope=\"row\">128<\/th>\n<th class=\"cell\" scope=\"row\">137<\/th>\n<th class=\"cell\" scope=\"row\">140<\/th>\n<\/tr>\n<tr>\n<th class=\"cell\" scope=\"row\">R\u0119kaw (C)<\/th>\n<th class=\"cell\" scope=\"row\">63<\/th>\n<th class=\"cell\" scope=\"row\">65<\/th>\n<th class=\"cell\" scope=\"row\">65<\/th>\n<th class=\"cell\" scope=\"row\">65<\/th>\n<th class=\"cell\" scope=\"row\">71<\/th>\n<th class=\"cell\" scope=\"row\">73<\/th>\n<\/tr>\n<\/tbody>\n<\/table>\n","protected":false},"excerpt":{"rendered":"<p>Bluza Dresowa My\u015bliwska HUNTER &nbsp; Idealna bluza na wiosn\u0119 i [&hellip;]<\/p>\n","protected":false},"featured_media":542,"template":"","meta":{"_acf_changed":false},"product_cat":[27],"product_tag":[],"class_list":{"0":"post-541","1":"product","2":"type-product","3":"status-publish","4":"has-post-thumbnail","6":"product_cat-bluzy","8":"first","9":"instock","10":"taxable","11":"shipping-taxable","12":"purchasable","13":"product-type-simple"},"acf":[],"jetpack_sharing_enabled":true,"_links":{"self":[{"href":"https:\/\/dzikus.com.pl\/index.php?rest_route=\/wp\/v2\/product\/541","targetHints":{"allow":["GET"]}}],"collection":[{"href":"https:\/\/dzikus.com.pl\/index.php?rest_route=\/wp\/v2\/product"}],"about":[{"href":"https:\/\/dzikus.com.pl\/index.php?rest_route=\/wp\/v2\/types\/product"}],"wp:featuredmedia":[{"embeddable":true,"href":"https:\/\/dzikus.com.pl\/index.php?rest_route=\/wp\/v2\/media\/542"}],"wp:attachment":[{"href":"https:\/\/dzikus.com.pl\/index.php?rest_route=%2Fwp%2Fv2%2Fmedia&parent=541"}],"wp:term":[{"taxonomy":"product_cat","embeddable":true,"href":"https:\/\/dzikus.com.pl\/index.php?rest_route=%2Fwp%2Fv2%2Fproduct_cat&post=541"},{"taxonomy":"product_tag","embeddable":true,"href":"https:\/\/dzikus.com.pl\/index.php?rest_route=%2Fwp%2Fv2%2Fproduct_tag&post=541"}],"curies":[{"name":"wp","href":"https:\/\/api.w.org\/{rel}","templated":true}]}}