{"id":518,"date":"2024-05-05T14:13:22","date_gmt":"2024-05-05T12:13:22","guid":{"rendered":"http:\/\/dzikus.com.pl\/?post_type=product&#038;p=518"},"modified":"2024-05-05T14:13:22","modified_gmt":"2024-05-05T12:13:22","slug":"pokrowiec-na-bron","status":"publish","type":"product","link":"https:\/\/dzikus.com.pl\/?product=pokrowiec-na-bron","title":{"rendered":"Pokrowiec na bro\u0144"},"content":{"rendered":"<p>Pokrowiec na bro\u0144 (Torba). Wyko\u0144czony piank\u0105, co zapobiega uszkodzeniu broni.<\/p>\n<p>Posiada szelki z ty\u0142u wi\u0119c mo\u017cna porusza\u0107 si\u0119 jak z plecakiem, maj\u0105c pe\u0142n\u0105 swobod\u0119 ruchu oraz wolne r\u0119ce.<\/p>\n<p>115 cm.\u00a0 Kolor camo.<\/p>\n<p>Futera\u0142 posiada pi\u0119\u0107 kieszeni na r\u00f3\u017cnego rodzaju akcesoria strzeleckie.<\/p>\n<p>&nbsp;<\/p>\n","protected":false},"excerpt":{"rendered":"<p>Pokrowiec na bro\u0144 (Torba). Wyko\u0144czony piank\u0105, co zapobiega uszkodzeniu broni. [&hellip;]<\/p>\n","protected":false},"featured_media":520,"template":"","meta":{"_acf_changed":false},"product_cat":[62],"product_tag":[90],"class_list":{"0":"post-518","1":"product","2":"type-product","3":"status-publish","4":"has-post-thumbnail","6":"product_cat-konserwacja-broni-i-akcesoria","7":"product_tag-futeral_mysliwski","9":"first","10":"instock","11":"taxable","12":"shipping-taxable","13":"purchasable","14":"product-type-simple"},"acf":[],"jetpack_sharing_enabled":true,"_links":{"self":[{"href":"https:\/\/dzikus.com.pl\/index.php?rest_route=\/wp\/v2\/product\/518","targetHints":{"allow":["GET"]}}],"collection":[{"href":"https:\/\/dzikus.com.pl\/index.php?rest_route=\/wp\/v2\/product"}],"about":[{"href":"https:\/\/dzikus.com.pl\/index.php?rest_route=\/wp\/v2\/types\/product"}],"wp:featuredmedia":[{"embeddable":true,"href":"https:\/\/dzikus.com.pl\/index.php?rest_route=\/wp\/v2\/media\/520"}],"wp:attachment":[{"href":"https:\/\/dzikus.com.pl\/index.php?rest_route=%2Fwp%2Fv2%2Fmedia&parent=518"}],"wp:term":[{"taxonomy":"product_cat","embeddable":true,"href":"https:\/\/dzikus.com.pl\/index.php?rest_route=%2Fwp%2Fv2%2Fproduct_cat&post=518"},{"taxonomy":"product_tag","embeddable":true,"href":"https:\/\/dzikus.com.pl\/index.php?rest_route=%2Fwp%2Fv2%2Fproduct_tag&post=518"}],"curies":[{"name":"wp","href":"https:\/\/api.w.org\/{rel}","templated":true}]}}