{"id":514,"date":"2024-05-05T14:00:39","date_gmt":"2024-05-05T12:00:39","guid":{"rendered":"http:\/\/dzikus.com.pl\/?post_type=product&#038;p=514"},"modified":"2024-09-04T19:56:35","modified_gmt":"2024-09-04T17:56:35","slug":"pas-na-amunicje-srutowa","status":"publish","type":"product","link":"https:\/\/dzikus.com.pl\/?product=pas-na-amunicje-srutowa","title":{"rendered":"Pas na amunicj\u0119 \u015brutow\u0105"},"content":{"rendered":"<p>Pas biodrowy na amunicj\u0119 \u015brutow\u0105 Cal. 12<\/p>\n<p>Lekki pasek tylny z plastikow\u0105 klamr\u0105.<\/p>\n<p>&nbsp;<\/p>\n","protected":false},"excerpt":{"rendered":"<p>Pas biodrowy na amunicj\u0119 \u015brutow\u0105 Cal. 12 Lekki pasek tylny [&hellip;]<\/p>\n","protected":false},"featured_media":516,"template":"","meta":{"_acf_changed":false},"product_cat":[24],"product_tag":[82],"class_list":{"0":"post-514","1":"product","2":"type-product","3":"status-publish","4":"has-post-thumbnail","6":"product_cat-tlumiki","7":"product_tag-pas","9":"first","10":"instock","11":"taxable","12":"shipping-taxable","13":"purchasable","14":"product-type-simple"},"acf":[],"jetpack_sharing_enabled":true,"_links":{"self":[{"href":"https:\/\/dzikus.com.pl\/index.php?rest_route=\/wp\/v2\/product\/514","targetHints":{"allow":["GET"]}}],"collection":[{"href":"https:\/\/dzikus.com.pl\/index.php?rest_route=\/wp\/v2\/product"}],"about":[{"href":"https:\/\/dzikus.com.pl\/index.php?rest_route=\/wp\/v2\/types\/product"}],"wp:featuredmedia":[{"embeddable":true,"href":"https:\/\/dzikus.com.pl\/index.php?rest_route=\/wp\/v2\/media\/516"}],"wp:attachment":[{"href":"https:\/\/dzikus.com.pl\/index.php?rest_route=%2Fwp%2Fv2%2Fmedia&parent=514"}],"wp:term":[{"taxonomy":"product_cat","embeddable":true,"href":"https:\/\/dzikus.com.pl\/index.php?rest_route=%2Fwp%2Fv2%2Fproduct_cat&post=514"},{"taxonomy":"product_tag","embeddable":true,"href":"https:\/\/dzikus.com.pl\/index.php?rest_route=%2Fwp%2Fv2%2Fproduct_tag&post=514"}],"curies":[{"name":"wp","href":"https:\/\/api.w.org\/{rel}","templated":true}]}}