{"id":513,"date":"2024-09-08T10:26:49","date_gmt":"2024-09-08T08:26:49","guid":{"rendered":"http:\/\/dzikus.com.pl\/?post_type=product&#038;p=513"},"modified":"2024-09-08T10:26:50","modified_gmt":"2024-09-08T08:26:50","slug":"latarka","status":"publish","type":"product","link":"https:\/\/dzikus.com.pl\/?product=latarka","title":{"rendered":"Latarka"},"content":{"rendered":"<p>Super lekka, wodoodporna latarka ze wska\u017anikiem mocy na\u0142adowania oraz regulacj\u0105 zoom.<\/p>\n<p>\u0141adowanie USB.<\/p>\n","protected":false},"excerpt":{"rendered":"<p>Super lekka, wodoodporna latarka ze wska\u017anikiem mocy na\u0142adowania oraz regulacj\u0105 [&hellip;]<\/p>\n","protected":false},"featured_media":1067,"template":"","meta":{"_acf_changed":false},"product_cat":[20],"product_tag":[106],"class_list":{"0":"post-513","1":"product","2":"type-product","3":"status-publish","4":"has-post-thumbnail","6":"product_cat-noze","7":"product_tag-latarka-reczna","9":"first","10":"instock","11":"taxable","12":"shipping-taxable","13":"purchasable","14":"product-type-simple"},"acf":[],"jetpack_sharing_enabled":true,"_links":{"self":[{"href":"https:\/\/dzikus.com.pl\/index.php?rest_route=\/wp\/v2\/product\/513","targetHints":{"allow":["GET"]}}],"collection":[{"href":"https:\/\/dzikus.com.pl\/index.php?rest_route=\/wp\/v2\/product"}],"about":[{"href":"https:\/\/dzikus.com.pl\/index.php?rest_route=\/wp\/v2\/types\/product"}],"wp:featuredmedia":[{"embeddable":true,"href":"https:\/\/dzikus.com.pl\/index.php?rest_route=\/wp\/v2\/media\/1067"}],"wp:attachment":[{"href":"https:\/\/dzikus.com.pl\/index.php?rest_route=%2Fwp%2Fv2%2Fmedia&parent=513"}],"wp:term":[{"taxonomy":"product_cat","embeddable":true,"href":"https:\/\/dzikus.com.pl\/index.php?rest_route=%2Fwp%2Fv2%2Fproduct_cat&post=513"},{"taxonomy":"product_tag","embeddable":true,"href":"https:\/\/dzikus.com.pl\/index.php?rest_route=%2Fwp%2Fv2%2Fproduct_tag&post=513"}],"curies":[{"name":"wp","href":"https:\/\/api.w.org\/{rel}","templated":true}]}}