{"id":509,"date":"2024-05-05T13:52:59","date_gmt":"2024-05-05T11:52:59","guid":{"rendered":"http:\/\/dzikus.com.pl\/?post_type=product&#038;p=509"},"modified":"2024-09-01T16:06:04","modified_gmt":"2024-09-01T14:06:04","slug":"latarka-czolowa","status":"publish","type":"product","link":"https:\/\/dzikus.com.pl\/?product=latarka-czolowa","title":{"rendered":"Latarka czo\u0142owa"},"content":{"rendered":"<p>Wodoodporna Latarka czo\u0142owa o bardzo mocnym \u015bwietle.<\/p>\n<p>Wbudowany czujnik ruchu.<\/p>\n<p>Trzy tryby o\u015bwietlenia.<\/p>\n<p>\u0141adowana przez port USB.<\/p>\n","protected":false},"excerpt":{"rendered":"<p>Wodoodporna Latarka czo\u0142owa o bardzo mocnym \u015bwietle. Wbudowany czujnik ruchu. [&hellip;]<\/p>\n","protected":false},"featured_media":512,"template":"","meta":{"_acf_changed":false},"product_cat":[20],"product_tag":[89,95],"class_list":{"0":"post-509","1":"product","2":"type-product","3":"status-publish","4":"has-post-thumbnail","6":"product_cat-noze","7":"product_tag-latarka_czolowa","8":"product_tag-mysliwska-latarka-czolowa","10":"first","11":"instock","12":"taxable","13":"shipping-taxable","14":"purchasable","15":"product-type-simple"},"acf":[],"jetpack_sharing_enabled":true,"_links":{"self":[{"href":"https:\/\/dzikus.com.pl\/index.php?rest_route=\/wp\/v2\/product\/509","targetHints":{"allow":["GET"]}}],"collection":[{"href":"https:\/\/dzikus.com.pl\/index.php?rest_route=\/wp\/v2\/product"}],"about":[{"href":"https:\/\/dzikus.com.pl\/index.php?rest_route=\/wp\/v2\/types\/product"}],"wp:featuredmedia":[{"embeddable":true,"href":"https:\/\/dzikus.com.pl\/index.php?rest_route=\/wp\/v2\/media\/512"}],"wp:attachment":[{"href":"https:\/\/dzikus.com.pl\/index.php?rest_route=%2Fwp%2Fv2%2Fmedia&parent=509"}],"wp:term":[{"taxonomy":"product_cat","embeddable":true,"href":"https:\/\/dzikus.com.pl\/index.php?rest_route=%2Fwp%2Fv2%2Fproduct_cat&post=509"},{"taxonomy":"product_tag","embeddable":true,"href":"https:\/\/dzikus.com.pl\/index.php?rest_route=%2Fwp%2Fv2%2Fproduct_tag&post=509"}],"curies":[{"name":"wp","href":"https:\/\/api.w.org\/{rel}","templated":true}]}}