{"id":506,"date":"2024-05-05T13:48:11","date_gmt":"2024-05-05T11:48:11","guid":{"rendered":"http:\/\/dzikus.com.pl\/?post_type=product&#038;p=506"},"modified":"2024-05-05T13:48:12","modified_gmt":"2024-05-05T11:48:12","slug":"pas-skorzany","status":"publish","type":"product","link":"https:\/\/dzikus.com.pl\/?product=pas-skorzany","title":{"rendered":"Pas sk\u00f3rzany"},"content":{"rendered":"<p>Br\u0105zowy Pas t\u0142oczony ze sk\u00f3ry ekologicznej z metalow\u0105 klamr\u0105 (Jelenie).<\/p>\n<p>Obw\u00f3d pasa 120 cm.<\/p>\n","protected":false},"excerpt":{"rendered":"<p>Br\u0105zowy Pas t\u0142oczony ze sk\u00f3ry ekologicznej z metalow\u0105 klamr\u0105 (Jelenie). [&hellip;]<\/p>\n","protected":false},"featured_media":507,"template":"","meta":{"_acf_changed":false},"product_cat":[38],"product_tag":[88],"class_list":{"0":"post-506","1":"product","2":"type-product","3":"status-publish","4":"has-post-thumbnail","6":"product_cat-spodnie","7":"product_tag-pasek","9":"first","10":"instock","11":"taxable","12":"shipping-taxable","13":"purchasable","14":"product-type-simple"},"acf":[],"jetpack_sharing_enabled":true,"_links":{"self":[{"href":"https:\/\/dzikus.com.pl\/index.php?rest_route=\/wp\/v2\/product\/506","targetHints":{"allow":["GET"]}}],"collection":[{"href":"https:\/\/dzikus.com.pl\/index.php?rest_route=\/wp\/v2\/product"}],"about":[{"href":"https:\/\/dzikus.com.pl\/index.php?rest_route=\/wp\/v2\/types\/product"}],"wp:featuredmedia":[{"embeddable":true,"href":"https:\/\/dzikus.com.pl\/index.php?rest_route=\/wp\/v2\/media\/507"}],"wp:attachment":[{"href":"https:\/\/dzikus.com.pl\/index.php?rest_route=%2Fwp%2Fv2%2Fmedia&parent=506"}],"wp:term":[{"taxonomy":"product_cat","embeddable":true,"href":"https:\/\/dzikus.com.pl\/index.php?rest_route=%2Fwp%2Fv2%2Fproduct_cat&post=506"},{"taxonomy":"product_tag","embeddable":true,"href":"https:\/\/dzikus.com.pl\/index.php?rest_route=%2Fwp%2Fv2%2Fproduct_tag&post=506"}],"curies":[{"name":"wp","href":"https:\/\/api.w.org\/{rel}","templated":true}]}}