{"id":502,"date":"2024-05-05T13:43:09","date_gmt":"2024-05-05T11:43:09","guid":{"rendered":"http:\/\/dzikus.com.pl\/?post_type=product&#038;p=502"},"modified":"2024-09-04T19:57:08","modified_gmt":"2024-09-04T17:57:08","slug":"troki-mysliwskie","status":"publish","type":"product","link":"https:\/\/dzikus.com.pl\/?product=troki-mysliwskie","title":{"rendered":"Troki my\u015bliwskie"},"content":{"rendered":"<p>Sk\u00f3rzane troki ze stalowymi oczkami oraz metalowym karabi\u0144czykiem.<\/p>\n","protected":false},"excerpt":{"rendered":"<p>Sk\u00f3rzane troki ze stalowymi oczkami oraz metalowym karabi\u0144czykiem.<\/p>\n","protected":false},"featured_media":505,"template":"","meta":{"_acf_changed":false},"product_cat":[24],"product_tag":[87],"class_list":{"0":"post-502","1":"product","2":"type-product","3":"status-publish","4":"has-post-thumbnail","6":"product_cat-tlumiki","7":"product_tag-troki","9":"first","10":"instock","11":"taxable","12":"shipping-taxable","13":"purchasable","14":"product-type-simple"},"acf":[],"jetpack_sharing_enabled":true,"_links":{"self":[{"href":"https:\/\/dzikus.com.pl\/index.php?rest_route=\/wp\/v2\/product\/502","targetHints":{"allow":["GET"]}}],"collection":[{"href":"https:\/\/dzikus.com.pl\/index.php?rest_route=\/wp\/v2\/product"}],"about":[{"href":"https:\/\/dzikus.com.pl\/index.php?rest_route=\/wp\/v2\/types\/product"}],"wp:featuredmedia":[{"embeddable":true,"href":"https:\/\/dzikus.com.pl\/index.php?rest_route=\/wp\/v2\/media\/505"}],"wp:attachment":[{"href":"https:\/\/dzikus.com.pl\/index.php?rest_route=%2Fwp%2Fv2%2Fmedia&parent=502"}],"wp:term":[{"taxonomy":"product_cat","embeddable":true,"href":"https:\/\/dzikus.com.pl\/index.php?rest_route=%2Fwp%2Fv2%2Fproduct_cat&post=502"},{"taxonomy":"product_tag","embeddable":true,"href":"https:\/\/dzikus.com.pl\/index.php?rest_route=%2Fwp%2Fv2%2Fproduct_tag&post=502"}],"curies":[{"name":"wp","href":"https:\/\/api.w.org\/{rel}","templated":true}]}}