{"id":498,"date":"2024-05-05T13:38:52","date_gmt":"2024-05-05T11:38:52","guid":{"rendered":"http:\/\/dzikus.com.pl\/?post_type=product&#038;p=498"},"modified":"2024-05-05T13:38:52","modified_gmt":"2024-05-05T11:38:52","slug":"stuptuty","status":"publish","type":"product","link":"https:\/\/dzikus.com.pl\/?product=stuptuty","title":{"rendered":"Stuptuty"},"content":{"rendered":"<p>Stuptuty wodoodporne, wysokie ochraniacze na doln\u0105 parti\u0119 n\u00f3g.<\/p>\n<p>&nbsp;<\/p>\n","protected":false},"excerpt":{"rendered":"<p>Stuptuty wodoodporne, wysokie ochraniacze na doln\u0105 parti\u0119 n\u00f3g. &nbsp;<\/p>\n","protected":false},"featured_media":499,"template":"","meta":{"_acf_changed":false},"product_cat":[25],"product_tag":[86],"class_list":{"0":"post-498","1":"product","2":"type-product","3":"status-publish","4":"has-post-thumbnail","6":"product_cat-obuwie","7":"product_tag-stuptuty","9":"first","10":"instock","11":"taxable","12":"shipping-taxable","13":"purchasable","14":"product-type-simple"},"acf":[],"jetpack_sharing_enabled":true,"_links":{"self":[{"href":"https:\/\/dzikus.com.pl\/index.php?rest_route=\/wp\/v2\/product\/498","targetHints":{"allow":["GET"]}}],"collection":[{"href":"https:\/\/dzikus.com.pl\/index.php?rest_route=\/wp\/v2\/product"}],"about":[{"href":"https:\/\/dzikus.com.pl\/index.php?rest_route=\/wp\/v2\/types\/product"}],"wp:featuredmedia":[{"embeddable":true,"href":"https:\/\/dzikus.com.pl\/index.php?rest_route=\/wp\/v2\/media\/499"}],"wp:attachment":[{"href":"https:\/\/dzikus.com.pl\/index.php?rest_route=%2Fwp%2Fv2%2Fmedia&parent=498"}],"wp:term":[{"taxonomy":"product_cat","embeddable":true,"href":"https:\/\/dzikus.com.pl\/index.php?rest_route=%2Fwp%2Fv2%2Fproduct_cat&post=498"},{"taxonomy":"product_tag","embeddable":true,"href":"https:\/\/dzikus.com.pl\/index.php?rest_route=%2Fwp%2Fv2%2Fproduct_tag&post=498"}],"curies":[{"name":"wp","href":"https:\/\/api.w.org\/{rel}","templated":true}]}}