{"id":494,"date":"2024-05-05T12:52:33","date_gmt":"2024-05-05T10:52:33","guid":{"rendered":"http:\/\/dzikus.com.pl\/?post_type=product&#038;p=494"},"modified":"2024-09-04T19:57:43","modified_gmt":"2024-09-04T17:57:43","slug":"pas-nosny-do-broni-4","status":"publish","type":"product","link":"https:\/\/dzikus.com.pl\/?product=pas-nosny-do-broni-4","title":{"rendered":"Pas no\u015bny do broni"},"content":{"rendered":"<p>SPARTA Dwupunktowy pas do broni w kolorze camo, wykonany z solidnych materia\u0142\u00f3w.<\/p>\n<p>Antypo\u015blizgowe wyko\u0144czenie zapobiegaj\u0105ce zsuwaniu si\u0119 z ramienia.<\/p>\n","protected":false},"excerpt":{"rendered":"<p>SPARTA Dwupunktowy pas do broni w kolorze camo, wykonany z [&hellip;]<\/p>\n","protected":false},"featured_media":496,"template":"","meta":{"_acf_changed":false},"product_cat":[24],"product_tag":[85],"class_list":{"0":"post-494","1":"product","2":"type-product","3":"status-publish","4":"has-post-thumbnail","6":"product_cat-tlumiki","7":"product_tag-pas_nosny","9":"first","10":"instock","11":"taxable","12":"shipping-taxable","13":"purchasable","14":"product-type-simple"},"acf":[],"jetpack_sharing_enabled":true,"_links":{"self":[{"href":"https:\/\/dzikus.com.pl\/index.php?rest_route=\/wp\/v2\/product\/494","targetHints":{"allow":["GET"]}}],"collection":[{"href":"https:\/\/dzikus.com.pl\/index.php?rest_route=\/wp\/v2\/product"}],"about":[{"href":"https:\/\/dzikus.com.pl\/index.php?rest_route=\/wp\/v2\/types\/product"}],"wp:featuredmedia":[{"embeddable":true,"href":"https:\/\/dzikus.com.pl\/index.php?rest_route=\/wp\/v2\/media\/496"}],"wp:attachment":[{"href":"https:\/\/dzikus.com.pl\/index.php?rest_route=%2Fwp%2Fv2%2Fmedia&parent=494"}],"wp:term":[{"taxonomy":"product_cat","embeddable":true,"href":"https:\/\/dzikus.com.pl\/index.php?rest_route=%2Fwp%2Fv2%2Fproduct_cat&post=494"},{"taxonomy":"product_tag","embeddable":true,"href":"https:\/\/dzikus.com.pl\/index.php?rest_route=%2Fwp%2Fv2%2Fproduct_tag&post=494"}],"curies":[{"name":"wp","href":"https:\/\/api.w.org\/{rel}","templated":true}]}}