{"id":486,"date":"2024-05-05T12:43:48","date_gmt":"2024-05-05T10:43:48","guid":{"rendered":"http:\/\/dzikus.com.pl\/?post_type=product&#038;p=486"},"modified":"2024-09-04T19:58:24","modified_gmt":"2024-09-04T17:58:24","slug":"pas-nosny-do-broni-2","status":"publish","type":"product","link":"https:\/\/dzikus.com.pl\/?product=pas-nosny-do-broni-2","title":{"rendered":"Pas no\u015bny do broni"},"content":{"rendered":"<p>Dwupunktowy pas do broni w kolorze camo, wykonany z solidnych materia\u0142\u00f3w.<\/p>\n<p>&nbsp;<\/p>\n<p>Antypo\u015blizgowe wyko\u0144czenie zapobiegaj\u0105ce zsuwaniu si\u0119 z ramienia.<\/p>\n","protected":false},"excerpt":{"rendered":"<p>Dwupunktowy pas do broni w kolorze camo, wykonany z solidnych [&hellip;]<\/p>\n","protected":false},"featured_media":487,"template":"","meta":{"_acf_changed":false},"product_cat":[24],"product_tag":[84,83,82],"class_list":{"0":"post-486","1":"product","2":"type-product","3":"status-publish","4":"has-post-thumbnail","6":"product_cat-tlumiki","7":"product_tag-broni","8":"product_tag-do","9":"product_tag-pas","11":"first","12":"instock","13":"taxable","14":"shipping-taxable","15":"purchasable","16":"product-type-simple"},"acf":[],"jetpack_sharing_enabled":true,"_links":{"self":[{"href":"https:\/\/dzikus.com.pl\/index.php?rest_route=\/wp\/v2\/product\/486","targetHints":{"allow":["GET"]}}],"collection":[{"href":"https:\/\/dzikus.com.pl\/index.php?rest_route=\/wp\/v2\/product"}],"about":[{"href":"https:\/\/dzikus.com.pl\/index.php?rest_route=\/wp\/v2\/types\/product"}],"wp:featuredmedia":[{"embeddable":true,"href":"https:\/\/dzikus.com.pl\/index.php?rest_route=\/wp\/v2\/media\/487"}],"wp:attachment":[{"href":"https:\/\/dzikus.com.pl\/index.php?rest_route=%2Fwp%2Fv2%2Fmedia&parent=486"}],"wp:term":[{"taxonomy":"product_cat","embeddable":true,"href":"https:\/\/dzikus.com.pl\/index.php?rest_route=%2Fwp%2Fv2%2Fproduct_cat&post=486"},{"taxonomy":"product_tag","embeddable":true,"href":"https:\/\/dzikus.com.pl\/index.php?rest_route=%2Fwp%2Fv2%2Fproduct_tag&post=486"}],"curies":[{"name":"wp","href":"https:\/\/api.w.org\/{rel}","templated":true}]}}