{"id":475,"date":"2024-05-05T12:26:07","date_gmt":"2024-05-05T10:26:07","guid":{"rendered":"http:\/\/dzikus.com.pl\/?post_type=product&#038;p=475"},"modified":"2024-05-05T12:26:07","modified_gmt":"2024-05-05T10:26:07","slug":"ostrzalka","status":"publish","type":"product","link":"https:\/\/dzikus.com.pl\/?product=ostrzalka","title":{"rendered":"ostrza\u0142ka"},"content":{"rendered":"<p>Kieszonkowa ostrza\u0142ka do no\u017cy.<\/p>\n","protected":false},"excerpt":{"rendered":"<p>Kieszonkowa ostrza\u0142ka do no\u017cy.<\/p>\n","protected":false},"featured_media":476,"template":"","meta":{"_acf_changed":false},"product_cat":[20],"product_tag":[79],"class_list":{"0":"post-475","1":"product","2":"type-product","3":"status-publish","4":"has-post-thumbnail","6":"product_cat-noze","7":"product_tag-ostrzalka","9":"first","10":"instock","11":"taxable","12":"shipping-taxable","13":"purchasable","14":"product-type-simple"},"acf":[],"jetpack_sharing_enabled":true,"_links":{"self":[{"href":"https:\/\/dzikus.com.pl\/index.php?rest_route=\/wp\/v2\/product\/475","targetHints":{"allow":["GET"]}}],"collection":[{"href":"https:\/\/dzikus.com.pl\/index.php?rest_route=\/wp\/v2\/product"}],"about":[{"href":"https:\/\/dzikus.com.pl\/index.php?rest_route=\/wp\/v2\/types\/product"}],"wp:featuredmedia":[{"embeddable":true,"href":"https:\/\/dzikus.com.pl\/index.php?rest_route=\/wp\/v2\/media\/476"}],"wp:attachment":[{"href":"https:\/\/dzikus.com.pl\/index.php?rest_route=%2Fwp%2Fv2%2Fmedia&parent=475"}],"wp:term":[{"taxonomy":"product_cat","embeddable":true,"href":"https:\/\/dzikus.com.pl\/index.php?rest_route=%2Fwp%2Fv2%2Fproduct_cat&post=475"},{"taxonomy":"product_tag","embeddable":true,"href":"https:\/\/dzikus.com.pl\/index.php?rest_route=%2Fwp%2Fv2%2Fproduct_tag&post=475"}],"curies":[{"name":"wp","href":"https:\/\/api.w.org\/{rel}","templated":true}]}}