{"id":467,"date":"2024-05-05T12:18:53","date_gmt":"2024-05-05T10:18:53","guid":{"rendered":"http:\/\/dzikus.com.pl\/?post_type=product&#038;p=467"},"modified":"2024-05-05T12:18:53","modified_gmt":"2024-05-05T10:18:53","slug":"tasma-do-kamuflazu","status":"publish","type":"product","link":"https:\/\/dzikus.com.pl\/?product=tasma-do-kamuflazu","title":{"rendered":"Ta\u015bma do kamufla\u017cu"},"content":{"rendered":"<p>Ta\u015bma tekstylna do kamuflowania sprz\u0119tu my\u015bliwskiego bardzo \u0142atwa w u\u017cyciu, samoprzylepna.<\/p>\n<p>Po usuni\u0119ciu ta\u015bmy nie zostawia \u015blad\u00f3w na sprz\u0119cie.<\/p>\n","protected":false},"excerpt":{"rendered":"<p>Ta\u015bma tekstylna do kamuflowania sprz\u0119tu my\u015bliwskiego bardzo \u0142atwa w u\u017cyciu, [&hellip;]<\/p>\n","protected":false},"featured_media":468,"template":"","meta":{"_acf_changed":false},"product_cat":[62],"product_tag":[76,75],"class_list":{"0":"post-467","1":"product","2":"type-product","3":"status-publish","4":"has-post-thumbnail","6":"product_cat-konserwacja-broni-i-akcesoria","7":"product_tag-kamuflaz","8":"product_tag-tasma","10":"first","11":"instock","12":"taxable","13":"shipping-taxable","14":"purchasable","15":"product-type-simple"},"acf":[],"jetpack_sharing_enabled":true,"_links":{"self":[{"href":"https:\/\/dzikus.com.pl\/index.php?rest_route=\/wp\/v2\/product\/467","targetHints":{"allow":["GET"]}}],"collection":[{"href":"https:\/\/dzikus.com.pl\/index.php?rest_route=\/wp\/v2\/product"}],"about":[{"href":"https:\/\/dzikus.com.pl\/index.php?rest_route=\/wp\/v2\/types\/product"}],"wp:featuredmedia":[{"embeddable":true,"href":"https:\/\/dzikus.com.pl\/index.php?rest_route=\/wp\/v2\/media\/468"}],"wp:attachment":[{"href":"https:\/\/dzikus.com.pl\/index.php?rest_route=%2Fwp%2Fv2%2Fmedia&parent=467"}],"wp:term":[{"taxonomy":"product_cat","embeddable":true,"href":"https:\/\/dzikus.com.pl\/index.php?rest_route=%2Fwp%2Fv2%2Fproduct_cat&post=467"},{"taxonomy":"product_tag","embeddable":true,"href":"https:\/\/dzikus.com.pl\/index.php?rest_route=%2Fwp%2Fv2%2Fproduct_tag&post=467"}],"curies":[{"name":"wp","href":"https:\/\/api.w.org\/{rel}","templated":true}]}}