{"id":457,"date":"2024-05-05T11:53:23","date_gmt":"2024-05-05T09:53:23","guid":{"rendered":"http:\/\/dzikus.com.pl\/?post_type=product&#038;p=457"},"modified":"2024-05-05T11:53:24","modified_gmt":"2024-05-05T09:53:24","slug":"smycz-na-wabiki","status":"publish","type":"product","link":"https:\/\/dzikus.com.pl\/?product=smycz-na-wabiki","title":{"rendered":"Smycz na wabiki"},"content":{"rendered":"<p><strong>smycz na 6 lub 12 wabik\u00f3w wykonana z paracordu.<\/strong><\/p>\n<p>Mo\u017cna u\u017cywa\u0107 zamiast trok\u00f3w.<\/p>\n","protected":false},"excerpt":{"rendered":"<p>smycz na 6 lub 12 wabik\u00f3w wykonana z paracordu. Mo\u017cna [&hellip;]<\/p>\n","protected":false},"featured_media":458,"template":"","meta":{"_acf_changed":false},"product_cat":[61],"product_tag":[73],"class_list":{"0":"post-457","1":"product","2":"type-product","3":"status-publish","4":"has-post-thumbnail","6":"product_cat-wabiki-i-pastoraly","7":"product_tag-smycz","9":"first","10":"instock","11":"taxable","12":"shipping-taxable","13":"purchasable","14":"product-type-simple"},"acf":[],"jetpack_sharing_enabled":true,"_links":{"self":[{"href":"https:\/\/dzikus.com.pl\/index.php?rest_route=\/wp\/v2\/product\/457","targetHints":{"allow":["GET"]}}],"collection":[{"href":"https:\/\/dzikus.com.pl\/index.php?rest_route=\/wp\/v2\/product"}],"about":[{"href":"https:\/\/dzikus.com.pl\/index.php?rest_route=\/wp\/v2\/types\/product"}],"wp:featuredmedia":[{"embeddable":true,"href":"https:\/\/dzikus.com.pl\/index.php?rest_route=\/wp\/v2\/media\/458"}],"wp:attachment":[{"href":"https:\/\/dzikus.com.pl\/index.php?rest_route=%2Fwp%2Fv2%2Fmedia&parent=457"}],"wp:term":[{"taxonomy":"product_cat","embeddable":true,"href":"https:\/\/dzikus.com.pl\/index.php?rest_route=%2Fwp%2Fv2%2Fproduct_cat&post=457"},{"taxonomy":"product_tag","embeddable":true,"href":"https:\/\/dzikus.com.pl\/index.php?rest_route=%2Fwp%2Fv2%2Fproduct_tag&post=457"}],"curies":[{"name":"wp","href":"https:\/\/api.w.org\/{rel}","templated":true}]}}