{"id":447,"date":"2024-05-05T11:31:37","date_gmt":"2024-05-05T09:31:37","guid":{"rendered":"http:\/\/dzikus.com.pl\/?post_type=product&#038;p=447"},"modified":"2024-05-05T11:31:38","modified_gmt":"2024-05-05T09:31:38","slug":"kulka-na-dzwignie-zamka","status":"publish","type":"product","link":"https:\/\/dzikus.com.pl\/?product=kulka-na-dzwignie-zamka","title":{"rendered":"Kulka na d\u017awigni\u0119 zamka"},"content":{"rendered":"<p>Kulka bardzo pomaga w szybszym prze\u0142adowaniu broni,<\/p>\n<p>Antypo\u015blizgowa<\/p>\n<p>Umo\u017cliwia pewniejszy chwyt d\u017awigni zamka.<\/p>\n","protected":false},"excerpt":{"rendered":"<p>Kulka bardzo pomaga w szybszym prze\u0142adowaniu broni, Antypo\u015blizgowa Umo\u017cliwia pewniejszy [&hellip;]<\/p>\n","protected":false},"featured_media":448,"template":"","meta":{"_acf_changed":false},"product_cat":[62],"product_tag":[],"class_list":{"0":"post-447","1":"product","2":"type-product","3":"status-publish","4":"has-post-thumbnail","6":"product_cat-konserwacja-broni-i-akcesoria","8":"first","9":"instock","10":"taxable","11":"shipping-taxable","12":"purchasable","13":"product-type-simple"},"acf":[],"jetpack_sharing_enabled":true,"_links":{"self":[{"href":"https:\/\/dzikus.com.pl\/index.php?rest_route=\/wp\/v2\/product\/447","targetHints":{"allow":["GET"]}}],"collection":[{"href":"https:\/\/dzikus.com.pl\/index.php?rest_route=\/wp\/v2\/product"}],"about":[{"href":"https:\/\/dzikus.com.pl\/index.php?rest_route=\/wp\/v2\/types\/product"}],"wp:featuredmedia":[{"embeddable":true,"href":"https:\/\/dzikus.com.pl\/index.php?rest_route=\/wp\/v2\/media\/448"}],"wp:attachment":[{"href":"https:\/\/dzikus.com.pl\/index.php?rest_route=%2Fwp%2Fv2%2Fmedia&parent=447"}],"wp:term":[{"taxonomy":"product_cat","embeddable":true,"href":"https:\/\/dzikus.com.pl\/index.php?rest_route=%2Fwp%2Fv2%2Fproduct_cat&post=447"},{"taxonomy":"product_tag","embeddable":true,"href":"https:\/\/dzikus.com.pl\/index.php?rest_route=%2Fwp%2Fv2%2Fproduct_tag&post=447"}],"curies":[{"name":"wp","href":"https:\/\/api.w.org\/{rel}","templated":true}]}}