{"id":444,"date":"2024-05-05T11:24:48","date_gmt":"2024-05-05T09:24:48","guid":{"rendered":"http:\/\/dzikus.com.pl\/?post_type=product&#038;p=444"},"modified":"2024-09-04T19:59:19","modified_gmt":"2024-09-04T17:59:19","slug":"ladownica-amunicji-kulowej","status":"publish","type":"product","link":"https:\/\/dzikus.com.pl\/?product=ladownica-amunicji-kulowej","title":{"rendered":"\u0141adownica amunicji kulowej"},"content":{"rendered":"<p>\u0141adownica na amunicj\u0119 kulow\u0105 z mo\u017cliwo\u015bci\u0105 monta\u017cu do pasa.<\/p>\n","protected":false},"excerpt":{"rendered":"<p>\u0141adownica na amunicj\u0119 kulow\u0105 z mo\u017cliwo\u015bci\u0105 monta\u017cu do pasa.<\/p>\n","protected":false},"featured_media":445,"template":"","meta":{"_acf_changed":false},"product_cat":[24],"product_tag":[64],"class_list":{"0":"post-444","1":"product","2":"type-product","3":"status-publish","4":"has-post-thumbnail","6":"product_cat-tlumiki","7":"product_tag-ladownica","9":"first","10":"instock","11":"taxable","12":"shipping-taxable","13":"purchasable","14":"product-type-simple"},"acf":[],"jetpack_sharing_enabled":true,"_links":{"self":[{"href":"https:\/\/dzikus.com.pl\/index.php?rest_route=\/wp\/v2\/product\/444","targetHints":{"allow":["GET"]}}],"collection":[{"href":"https:\/\/dzikus.com.pl\/index.php?rest_route=\/wp\/v2\/product"}],"about":[{"href":"https:\/\/dzikus.com.pl\/index.php?rest_route=\/wp\/v2\/types\/product"}],"wp:featuredmedia":[{"embeddable":true,"href":"https:\/\/dzikus.com.pl\/index.php?rest_route=\/wp\/v2\/media\/445"}],"wp:attachment":[{"href":"https:\/\/dzikus.com.pl\/index.php?rest_route=%2Fwp%2Fv2%2Fmedia&parent=444"}],"wp:term":[{"taxonomy":"product_cat","embeddable":true,"href":"https:\/\/dzikus.com.pl\/index.php?rest_route=%2Fwp%2Fv2%2Fproduct_cat&post=444"},{"taxonomy":"product_tag","embeddable":true,"href":"https:\/\/dzikus.com.pl\/index.php?rest_route=%2Fwp%2Fv2%2Fproduct_tag&post=444"}],"curies":[{"name":"wp","href":"https:\/\/api.w.org\/{rel}","templated":true}]}}