{"id":436,"date":"2024-05-05T11:14:56","date_gmt":"2024-05-05T09:14:56","guid":{"rendered":"http:\/\/dzikus.com.pl\/?post_type=product&#038;p=436"},"modified":"2024-05-05T11:14:56","modified_gmt":"2024-05-05T09:14:56","slug":"swider-do-patroszenia","status":"publish","type":"product","link":"https:\/\/dzikus.com.pl\/?product=swider-do-patroszenia","title":{"rendered":"\u015awider do patroszenia"},"content":{"rendered":"<p>\u015awider do odcinania kiszki stolcowej zwierzyny grubej oraz wykulkowania ptactwa \u0142ownego.<\/p>\n<p>\u015awider bardzo u\u0142atwia prac\u0119 podczas patroszenia zwierzyny.<\/p>\n","protected":false},"excerpt":{"rendered":"<p>\u015awider do odcinania kiszki stolcowej zwierzyny grubej oraz wykulkowania ptactwa [&hellip;]<\/p>\n","protected":false},"featured_media":437,"template":"","meta":{"_acf_changed":false},"product_cat":[20],"product_tag":[69],"class_list":{"0":"post-436","1":"product","2":"type-product","3":"status-publish","4":"has-post-thumbnail","6":"product_cat-noze","7":"product_tag-swider","9":"first","10":"instock","11":"taxable","12":"shipping-taxable","13":"purchasable","14":"product-type-simple"},"acf":[],"jetpack_sharing_enabled":true,"_links":{"self":[{"href":"https:\/\/dzikus.com.pl\/index.php?rest_route=\/wp\/v2\/product\/436","targetHints":{"allow":["GET"]}}],"collection":[{"href":"https:\/\/dzikus.com.pl\/index.php?rest_route=\/wp\/v2\/product"}],"about":[{"href":"https:\/\/dzikus.com.pl\/index.php?rest_route=\/wp\/v2\/types\/product"}],"wp:featuredmedia":[{"embeddable":true,"href":"https:\/\/dzikus.com.pl\/index.php?rest_route=\/wp\/v2\/media\/437"}],"wp:attachment":[{"href":"https:\/\/dzikus.com.pl\/index.php?rest_route=%2Fwp%2Fv2%2Fmedia&parent=436"}],"wp:term":[{"taxonomy":"product_cat","embeddable":true,"href":"https:\/\/dzikus.com.pl\/index.php?rest_route=%2Fwp%2Fv2%2Fproduct_cat&post=436"},{"taxonomy":"product_tag","embeddable":true,"href":"https:\/\/dzikus.com.pl\/index.php?rest_route=%2Fwp%2Fv2%2Fproduct_tag&post=436"}],"curies":[{"name":"wp","href":"https:\/\/api.w.org\/{rel}","templated":true}]}}