{"id":429,"date":"2024-05-05T10:51:02","date_gmt":"2024-05-05T08:51:02","guid":{"rendered":"http:\/\/dzikus.com.pl\/?post_type=product&#038;p=429"},"modified":"2024-05-05T10:51:02","modified_gmt":"2024-05-05T08:51:02","slug":"kapelusz-mysliwski","status":"publish","type":"product","link":"https:\/\/dzikus.com.pl\/?product=kapelusz-mysliwski","title":{"rendered":"Kapelusz my\u015bliwski"},"content":{"rendered":"<p>My\u015bliwski kapelusz we\u0142niany z ozdobnym sk\u00f3rzanym paskiem.<\/p>\n<p>Rozmiar 56-58<\/p>\n","protected":false},"excerpt":{"rendered":"<p>My\u015bliwski kapelusz we\u0142niany z ozdobnym sk\u00f3rzanym paskiem. Rozmiar 56-58<\/p>\n","protected":false},"featured_media":430,"template":"","meta":{"_acf_changed":false},"product_cat":[41],"product_tag":[66,67],"class_list":{"0":"post-429","1":"product","2":"type-product","3":"status-publish","4":"has-post-thumbnail","6":"product_cat-czapki-i-kapelusze","7":"product_tag-kapelusz","8":"product_tag-mysliwski","10":"first","11":"instock","12":"taxable","13":"shipping-taxable","14":"purchasable","15":"product-type-simple"},"acf":[],"jetpack_sharing_enabled":true,"_links":{"self":[{"href":"https:\/\/dzikus.com.pl\/index.php?rest_route=\/wp\/v2\/product\/429","targetHints":{"allow":["GET"]}}],"collection":[{"href":"https:\/\/dzikus.com.pl\/index.php?rest_route=\/wp\/v2\/product"}],"about":[{"href":"https:\/\/dzikus.com.pl\/index.php?rest_route=\/wp\/v2\/types\/product"}],"wp:featuredmedia":[{"embeddable":true,"href":"https:\/\/dzikus.com.pl\/index.php?rest_route=\/wp\/v2\/media\/430"}],"wp:attachment":[{"href":"https:\/\/dzikus.com.pl\/index.php?rest_route=%2Fwp%2Fv2%2Fmedia&parent=429"}],"wp:term":[{"taxonomy":"product_cat","embeddable":true,"href":"https:\/\/dzikus.com.pl\/index.php?rest_route=%2Fwp%2Fv2%2Fproduct_cat&post=429"},{"taxonomy":"product_tag","embeddable":true,"href":"https:\/\/dzikus.com.pl\/index.php?rest_route=%2Fwp%2Fv2%2Fproduct_tag&post=429"}],"curies":[{"name":"wp","href":"https:\/\/api.w.org\/{rel}","templated":true}]}}