{"id":425,"date":"2024-05-05T10:48:06","date_gmt":"2024-05-05T08:48:06","guid":{"rendered":"http:\/\/dzikus.com.pl\/?post_type=product&#038;p=425"},"modified":"2024-05-05T10:48:07","modified_gmt":"2024-05-05T08:48:07","slug":"czapka-letnia-mysliwska","status":"publish","type":"product","link":"https:\/\/dzikus.com.pl\/?product=czapka-letnia-mysliwska","title":{"rendered":"Czapka letnia my\u015bliwska"},"content":{"rendered":"<p>Bardzo lekka i przewiewna czapka typu kaszkiet.<\/p>\n<p>Mo\u017cliwo\u015b\u0107 regulacji na bokach.<\/p>\n","protected":false},"excerpt":{"rendered":"<p>Bardzo lekka i przewiewna czapka typu kaszkiet. Mo\u017cliwo\u015b\u0107 regulacji na [&hellip;]<\/p>\n","protected":false},"featured_media":426,"template":"","meta":{"_acf_changed":false},"product_cat":[41],"product_tag":[65],"class_list":{"0":"post-425","1":"product","2":"type-product","3":"status-publish","4":"has-post-thumbnail","6":"product_cat-czapki-i-kapelusze","7":"product_tag-kaszkiet","9":"first","10":"instock","11":"taxable","12":"shipping-taxable","13":"purchasable","14":"product-type-simple"},"acf":[],"jetpack_sharing_enabled":true,"_links":{"self":[{"href":"https:\/\/dzikus.com.pl\/index.php?rest_route=\/wp\/v2\/product\/425","targetHints":{"allow":["GET"]}}],"collection":[{"href":"https:\/\/dzikus.com.pl\/index.php?rest_route=\/wp\/v2\/product"}],"about":[{"href":"https:\/\/dzikus.com.pl\/index.php?rest_route=\/wp\/v2\/types\/product"}],"wp:featuredmedia":[{"embeddable":true,"href":"https:\/\/dzikus.com.pl\/index.php?rest_route=\/wp\/v2\/media\/426"}],"wp:attachment":[{"href":"https:\/\/dzikus.com.pl\/index.php?rest_route=%2Fwp%2Fv2%2Fmedia&parent=425"}],"wp:term":[{"taxonomy":"product_cat","embeddable":true,"href":"https:\/\/dzikus.com.pl\/index.php?rest_route=%2Fwp%2Fv2%2Fproduct_cat&post=425"},{"taxonomy":"product_tag","embeddable":true,"href":"https:\/\/dzikus.com.pl\/index.php?rest_route=%2Fwp%2Fv2%2Fproduct_tag&post=425"}],"curies":[{"name":"wp","href":"https:\/\/api.w.org\/{rel}","templated":true}]}}