{"id":420,"date":"2024-05-04T10:43:54","date_gmt":"2024-05-04T08:43:54","guid":{"rendered":"http:\/\/dzikus.com.pl\/?post_type=product&#038;p=420"},"modified":"2024-09-04T20:00:31","modified_gmt":"2024-09-04T18:00:31","slug":"ladownica-na-dwa-naboje-kulowe","status":"publish","type":"product","link":"https:\/\/dzikus.com.pl\/?product=ladownica-na-dwa-naboje-kulowe","title":{"rendered":"\u0141adownica na dwa naboje kulowe"},"content":{"rendered":"<p>\u0141adownica (\u0142atka) na dwa naboje kulowe naklejana na kolb\u0119.<\/p>\n","protected":false},"excerpt":{"rendered":"<p>\u0141adownica (\u0142atka) na dwa naboje kulowe naklejana na kolb\u0119.<\/p>\n","protected":false},"featured_media":421,"template":"","meta":{"_acf_changed":false},"product_cat":[24],"product_tag":[64],"class_list":{"0":"post-420","1":"product","2":"type-product","3":"status-publish","4":"has-post-thumbnail","6":"product_cat-tlumiki","7":"product_tag-ladownica","9":"first","10":"instock","11":"taxable","12":"shipping-taxable","13":"purchasable","14":"product-type-simple"},"acf":[],"jetpack_sharing_enabled":true,"_links":{"self":[{"href":"https:\/\/dzikus.com.pl\/index.php?rest_route=\/wp\/v2\/product\/420","targetHints":{"allow":["GET"]}}],"collection":[{"href":"https:\/\/dzikus.com.pl\/index.php?rest_route=\/wp\/v2\/product"}],"about":[{"href":"https:\/\/dzikus.com.pl\/index.php?rest_route=\/wp\/v2\/types\/product"}],"wp:featuredmedia":[{"embeddable":true,"href":"https:\/\/dzikus.com.pl\/index.php?rest_route=\/wp\/v2\/media\/421"}],"wp:attachment":[{"href":"https:\/\/dzikus.com.pl\/index.php?rest_route=%2Fwp%2Fv2%2Fmedia&parent=420"}],"wp:term":[{"taxonomy":"product_cat","embeddable":true,"href":"https:\/\/dzikus.com.pl\/index.php?rest_route=%2Fwp%2Fv2%2Fproduct_cat&post=420"},{"taxonomy":"product_tag","embeddable":true,"href":"https:\/\/dzikus.com.pl\/index.php?rest_route=%2Fwp%2Fv2%2Fproduct_tag&post=420"}],"curies":[{"name":"wp","href":"https:\/\/api.w.org\/{rel}","templated":true}]}}