{"id":411,"date":"2024-05-03T15:30:19","date_gmt":"2024-05-03T13:30:19","guid":{"rendered":"http:\/\/dzikus.com.pl\/?post_type=product&#038;p=411"},"modified":"2024-05-03T15:30:19","modified_gmt":"2024-05-03T13:30:19","slug":"bardzo-ladny-noz-mysliwski","status":"publish","type":"product","link":"https:\/\/dzikus.com.pl\/?product=bardzo-ladny-noz-mysliwski","title":{"rendered":"Bardzo \u0142adny  n\u00f3\u017c my\u015bliwski"},"content":{"rendered":"<p>Bardzo \u0142adny i ostry n\u00f3\u017c my\u015bliwski w sk\u00f3rzanym zdobionym etui.<\/p>\n","protected":false},"excerpt":{"rendered":"<p>Bardzo \u0142adny i ostry n\u00f3\u017c my\u015bliwski w sk\u00f3rzanym zdobionym etui.<\/p>\n","protected":false},"featured_media":412,"template":"","meta":{"_acf_changed":false},"product_cat":[20],"product_tag":[47],"class_list":{"0":"post-411","1":"product","2":"type-product","3":"status-publish","4":"has-post-thumbnail","6":"product_cat-noze","7":"product_tag-noz_mysliwski","9":"first","10":"instock","11":"taxable","12":"shipping-taxable","13":"purchasable","14":"product-type-simple"},"acf":[],"jetpack_sharing_enabled":true,"_links":{"self":[{"href":"https:\/\/dzikus.com.pl\/index.php?rest_route=\/wp\/v2\/product\/411","targetHints":{"allow":["GET"]}}],"collection":[{"href":"https:\/\/dzikus.com.pl\/index.php?rest_route=\/wp\/v2\/product"}],"about":[{"href":"https:\/\/dzikus.com.pl\/index.php?rest_route=\/wp\/v2\/types\/product"}],"wp:featuredmedia":[{"embeddable":true,"href":"https:\/\/dzikus.com.pl\/index.php?rest_route=\/wp\/v2\/media\/412"}],"wp:attachment":[{"href":"https:\/\/dzikus.com.pl\/index.php?rest_route=%2Fwp%2Fv2%2Fmedia&parent=411"}],"wp:term":[{"taxonomy":"product_cat","embeddable":true,"href":"https:\/\/dzikus.com.pl\/index.php?rest_route=%2Fwp%2Fv2%2Fproduct_cat&post=411"},{"taxonomy":"product_tag","embeddable":true,"href":"https:\/\/dzikus.com.pl\/index.php?rest_route=%2Fwp%2Fv2%2Fproduct_tag&post=411"}],"curies":[{"name":"wp","href":"https:\/\/api.w.org\/{rel}","templated":true}]}}