{"id":365,"date":"2024-04-28T19:51:01","date_gmt":"2024-04-28T17:51:01","guid":{"rendered":"http:\/\/dzikus.com.pl\/?post_type=product&#038;p=365"},"modified":"2024-04-28T19:51:01","modified_gmt":"2024-04-28T17:51:01","slug":"fear-of-boar-odstraszacz-zwierzyny","status":"publish","type":"product","link":"https:\/\/dzikus.com.pl\/?product=fear-of-boar-odstraszacz-zwierzyny","title":{"rendered":"Fear of boar odstraszacz zwierzyny"},"content":{"rendered":"<p>Fear of boar 500ml.<\/p>\n<p>Bardzo skuteczny a zarazem bezpieczny odstraszacz zwierzyny w p\u0142ynie.<\/p>\n<p>500 ml. preparatu wystarczy na oko\u0142o 3000 m \u00b2<\/p>\n<p>Wystarcz\u0105 dwie-trzy aplikacje na 10 metr\u00f3w kwadratowych, zapach kt\u00f3ry odstrasza zwierzyn\u0119 utrzymuje si\u0119 8-10 dni.<\/p>\n","protected":false},"excerpt":{"rendered":"<p>Fear of boar 500ml. Bardzo skuteczny a zarazem bezpieczny odstraszacz [&hellip;]<\/p>\n","protected":false},"featured_media":366,"template":"","meta":{"_acf_changed":false},"product_cat":[33],"product_tag":[],"class_list":{"0":"post-365","1":"product","2":"type-product","3":"status-publish","4":"has-post-thumbnail","6":"product_cat-produkty-do-necenia-zwierzyny","8":"first","9":"instock","10":"taxable","11":"shipping-taxable","12":"purchasable","13":"product-type-simple"},"acf":[],"jetpack_sharing_enabled":true,"_links":{"self":[{"href":"https:\/\/dzikus.com.pl\/index.php?rest_route=\/wp\/v2\/product\/365","targetHints":{"allow":["GET"]}}],"collection":[{"href":"https:\/\/dzikus.com.pl\/index.php?rest_route=\/wp\/v2\/product"}],"about":[{"href":"https:\/\/dzikus.com.pl\/index.php?rest_route=\/wp\/v2\/types\/product"}],"wp:featuredmedia":[{"embeddable":true,"href":"https:\/\/dzikus.com.pl\/index.php?rest_route=\/wp\/v2\/media\/366"}],"wp:attachment":[{"href":"https:\/\/dzikus.com.pl\/index.php?rest_route=%2Fwp%2Fv2%2Fmedia&parent=365"}],"wp:term":[{"taxonomy":"product_cat","embeddable":true,"href":"https:\/\/dzikus.com.pl\/index.php?rest_route=%2Fwp%2Fv2%2Fproduct_cat&post=365"},{"taxonomy":"product_tag","embeddable":true,"href":"https:\/\/dzikus.com.pl\/index.php?rest_route=%2Fwp%2Fv2%2Fproduct_tag&post=365"}],"curies":[{"name":"wp","href":"https:\/\/api.w.org\/{rel}","templated":true}]}}