{"id":361,"date":"2024-04-28T19:40:06","date_gmt":"2024-04-28T17:40:06","guid":{"rendered":"http:\/\/dzikus.com.pl\/?post_type=product&#038;p=361"},"modified":"2024-04-28T19:40:07","modified_gmt":"2024-04-28T17:40:07","slug":"turbo-liquid-atraktor-zapachowy","status":"publish","type":"product","link":"https:\/\/dzikus.com.pl\/?product=turbo-liquid-atraktor-zapachowy","title":{"rendered":"Turbo liquid atraktor zapachowy"},"content":{"rendered":"<p>1 litr preparatu Turbo liquid o bardzo intensywnym aromacie.<\/p>\n<p>Jednorazowo wystarczy 100 ml, pola\u0107 po pniu lub rozla\u0107 na n\u0119cisku aby skutecznie zwabi\u0107 zwierzyn\u0119.<\/p>\n<p>Turbo liquid po rozlaniu utrzymuje si\u0119 do 15 dni.<\/p>\n<p>&nbsp;<\/p>\n","protected":false},"excerpt":{"rendered":"<p>1 litr preparatu Turbo liquid o bardzo intensywnym aromacie. Jednorazowo [&hellip;]<\/p>\n","protected":false},"featured_media":364,"template":"","meta":{"_acf_changed":false},"product_cat":[33],"product_tag":[59],"class_list":{"0":"post-361","1":"product","2":"type-product","3":"status-publish","4":"has-post-thumbnail","6":"product_cat-produkty-do-necenia-zwierzyny","7":"product_tag-turbo_liquid","9":"first","10":"instock","11":"taxable","12":"shipping-taxable","13":"purchasable","14":"product-type-simple"},"acf":[],"jetpack_sharing_enabled":true,"_links":{"self":[{"href":"https:\/\/dzikus.com.pl\/index.php?rest_route=\/wp\/v2\/product\/361","targetHints":{"allow":["GET"]}}],"collection":[{"href":"https:\/\/dzikus.com.pl\/index.php?rest_route=\/wp\/v2\/product"}],"about":[{"href":"https:\/\/dzikus.com.pl\/index.php?rest_route=\/wp\/v2\/types\/product"}],"wp:featuredmedia":[{"embeddable":true,"href":"https:\/\/dzikus.com.pl\/index.php?rest_route=\/wp\/v2\/media\/364"}],"wp:attachment":[{"href":"https:\/\/dzikus.com.pl\/index.php?rest_route=%2Fwp%2Fv2%2Fmedia&parent=361"}],"wp:term":[{"taxonomy":"product_cat","embeddable":true,"href":"https:\/\/dzikus.com.pl\/index.php?rest_route=%2Fwp%2Fv2%2Fproduct_cat&post=361"},{"taxonomy":"product_tag","embeddable":true,"href":"https:\/\/dzikus.com.pl\/index.php?rest_route=%2Fwp%2Fv2%2Fproduct_tag&post=361"}],"curies":[{"name":"wp","href":"https:\/\/api.w.org\/{rel}","templated":true}]}}