{"id":351,"date":"2024-04-28T17:19:37","date_gmt":"2024-04-28T15:19:37","guid":{"rendered":"http:\/\/dzikus.com.pl\/?post_type=product&#038;p=351"},"modified":"2024-04-28T17:19:37","modified_gmt":"2024-04-28T15:19:37","slug":"lizawka-na-necisko-slodka-kukurydza","status":"publish","type":"product","link":"https:\/\/dzikus.com.pl\/?product=lizawka-na-necisko-slodka-kukurydza","title":{"rendered":"Lizawka na n\u0119cisko s\u0142odka kukurydza"},"content":{"rendered":"<p>Lizawka na n\u0119cisko o bardzo intensywnym smaku i aromacie s\u0142odkiej kukurydzy.<\/p>\n<p>D\u0142ugotrwa\u0142a lizawka wabi\u0105ca wszystkie gatunki zwierzyny \u0142ownej.<\/p>\n<p>Waga 1,8 kg.<\/p>\n<p>Lizawk\u0119 wystarczy zamontowa\u0107 na wysoko\u015bci 60 cm. Do pnia lub drzewa, za pomoc\u0105 \u015bruby monta\u017cowej dost\u0119pnej na innych naszych aukcjach<\/p>\n","protected":false},"excerpt":{"rendered":"<p>Lizawka na n\u0119cisko o bardzo intensywnym smaku i aromacie s\u0142odkiej [&hellip;]<\/p>\n","protected":false},"featured_media":352,"template":"","meta":{"_acf_changed":false},"product_cat":[33],"product_tag":[58],"class_list":{"0":"post-351","1":"product","2":"type-product","3":"status-publish","4":"has-post-thumbnail","6":"product_cat-produkty-do-necenia-zwierzyny","7":"product_tag-lizawka_kukurydza","9":"first","10":"instock","11":"taxable","12":"shipping-taxable","13":"purchasable","14":"product-type-simple"},"acf":[],"jetpack_sharing_enabled":true,"_links":{"self":[{"href":"https:\/\/dzikus.com.pl\/index.php?rest_route=\/wp\/v2\/product\/351","targetHints":{"allow":["GET"]}}],"collection":[{"href":"https:\/\/dzikus.com.pl\/index.php?rest_route=\/wp\/v2\/product"}],"about":[{"href":"https:\/\/dzikus.com.pl\/index.php?rest_route=\/wp\/v2\/types\/product"}],"wp:featuredmedia":[{"embeddable":true,"href":"https:\/\/dzikus.com.pl\/index.php?rest_route=\/wp\/v2\/media\/352"}],"wp:attachment":[{"href":"https:\/\/dzikus.com.pl\/index.php?rest_route=%2Fwp%2Fv2%2Fmedia&parent=351"}],"wp:term":[{"taxonomy":"product_cat","embeddable":true,"href":"https:\/\/dzikus.com.pl\/index.php?rest_route=%2Fwp%2Fv2%2Fproduct_cat&post=351"},{"taxonomy":"product_tag","embeddable":true,"href":"https:\/\/dzikus.com.pl\/index.php?rest_route=%2Fwp%2Fv2%2Fproduct_tag&post=351"}],"curies":[{"name":"wp","href":"https:\/\/api.w.org\/{rel}","templated":true}]}}