{"id":343,"date":"2024-04-28T17:11:55","date_gmt":"2024-04-28T15:11:55","guid":{"rendered":"http:\/\/dzikus.com.pl\/?post_type=product&#038;p=343"},"modified":"2024-04-28T17:11:56","modified_gmt":"2024-04-28T15:11:56","slug":"lizawka-na-necisko-zielone-jablko","status":"publish","type":"product","link":"https:\/\/dzikus.com.pl\/?product=lizawka-na-necisko-zielone-jablko","title":{"rendered":"Lizawka na n\u0119cisko zielone jab\u0142ko"},"content":{"rendered":"<p>Lizawka zielone jab\u0142ko o bardzo intensywnym smaku i aromacie.<\/p>\n<p>D\u0142ugotrwa\u0142a lizawka wabi\u0105ca wszystkie gatunki zwierzyny \u0142ownej.<\/p>\n<p>Waga 1,8 kg.<\/p>\n<p>Lizawk\u0119 wystarczy zamontowa\u0107 na wysoko\u015bci 60 cm. Do pnia lub drzewa, za pomoc\u0105 \u015bruby monta\u017cowej dost\u0119pnej na innych naszych aukcjach<\/p>\n","protected":false},"excerpt":{"rendered":"<p>Lizawka zielone jab\u0142ko o bardzo intensywnym smaku i aromacie. D\u0142ugotrwa\u0142a [&hellip;]<\/p>\n","protected":false},"featured_media":344,"template":"","meta":{"_acf_changed":false},"product_cat":[33],"product_tag":[56],"class_list":{"0":"post-343","1":"product","2":"type-product","3":"status-publish","4":"has-post-thumbnail","6":"product_cat-produkty-do-necenia-zwierzyny","7":"product_tag-lizawka_jablkowa","9":"first","10":"instock","11":"taxable","12":"shipping-taxable","13":"purchasable","14":"product-type-simple"},"acf":[],"jetpack_sharing_enabled":true,"_links":{"self":[{"href":"https:\/\/dzikus.com.pl\/index.php?rest_route=\/wp\/v2\/product\/343","targetHints":{"allow":["GET"]}}],"collection":[{"href":"https:\/\/dzikus.com.pl\/index.php?rest_route=\/wp\/v2\/product"}],"about":[{"href":"https:\/\/dzikus.com.pl\/index.php?rest_route=\/wp\/v2\/types\/product"}],"wp:featuredmedia":[{"embeddable":true,"href":"https:\/\/dzikus.com.pl\/index.php?rest_route=\/wp\/v2\/media\/344"}],"wp:attachment":[{"href":"https:\/\/dzikus.com.pl\/index.php?rest_route=%2Fwp%2Fv2%2Fmedia&parent=343"}],"wp:term":[{"taxonomy":"product_cat","embeddable":true,"href":"https:\/\/dzikus.com.pl\/index.php?rest_route=%2Fwp%2Fv2%2Fproduct_cat&post=343"},{"taxonomy":"product_tag","embeddable":true,"href":"https:\/\/dzikus.com.pl\/index.php?rest_route=%2Fwp%2Fv2%2Fproduct_tag&post=343"}],"curies":[{"name":"wp","href":"https:\/\/api.w.org\/{rel}","templated":true}]}}