{"id":339,"date":"2024-04-28T17:07:04","date_gmt":"2024-04-28T15:07:04","guid":{"rendered":"http:\/\/dzikus.com.pl\/?post_type=product&#038;p=339"},"modified":"2024-04-28T17:07:04","modified_gmt":"2024-04-28T15:07:04","slug":"lizawka-miodowa-na-necisko","status":"publish","type":"product","link":"https:\/\/dzikus.com.pl\/?product=lizawka-miodowa-na-necisko","title":{"rendered":"Lizawka miodowa na n\u0119cisko"},"content":{"rendered":"<p>Lizawka miodowa na n\u0119cisko o bardzo intensywnym smaku i aromacie.<\/p>\n<p>D\u0142ugotrwa\u0142a lizawka wabi\u0105ca wszystkie gatunki zwierzyny \u0142ownej.<\/p>\n<p>Waga 1,8 kg.<\/p>\n<p>Lizawk\u0119 wystarczy zamontowa\u0107 na wysoko\u015bci 60 cm. Do pnia lub drzewa, za pomoc\u0105 \u015bruby monta\u017cowej dost\u0119pnej na innych naszych aukcjach<\/p>\n","protected":false},"excerpt":{"rendered":"<p>Lizawka miodowa na n\u0119cisko o bardzo intensywnym smaku i aromacie. [&hellip;]<\/p>\n","protected":false},"featured_media":340,"template":"","meta":{"_acf_changed":false},"product_cat":[33],"product_tag":[55],"class_list":{"0":"post-339","1":"product","2":"type-product","3":"status-publish","4":"has-post-thumbnail","6":"product_cat-produkty-do-necenia-zwierzyny","7":"product_tag-lizawka_miodowa","9":"first","10":"instock","11":"taxable","12":"shipping-taxable","13":"purchasable","14":"product-type-simple"},"acf":[],"jetpack_sharing_enabled":true,"_links":{"self":[{"href":"https:\/\/dzikus.com.pl\/index.php?rest_route=\/wp\/v2\/product\/339","targetHints":{"allow":["GET"]}}],"collection":[{"href":"https:\/\/dzikus.com.pl\/index.php?rest_route=\/wp\/v2\/product"}],"about":[{"href":"https:\/\/dzikus.com.pl\/index.php?rest_route=\/wp\/v2\/types\/product"}],"wp:featuredmedia":[{"embeddable":true,"href":"https:\/\/dzikus.com.pl\/index.php?rest_route=\/wp\/v2\/media\/340"}],"wp:attachment":[{"href":"https:\/\/dzikus.com.pl\/index.php?rest_route=%2Fwp%2Fv2%2Fmedia&parent=339"}],"wp:term":[{"taxonomy":"product_cat","embeddable":true,"href":"https:\/\/dzikus.com.pl\/index.php?rest_route=%2Fwp%2Fv2%2Fproduct_cat&post=339"},{"taxonomy":"product_tag","embeddable":true,"href":"https:\/\/dzikus.com.pl\/index.php?rest_route=%2Fwp%2Fv2%2Fproduct_tag&post=339"}],"curies":[{"name":"wp","href":"https:\/\/api.w.org\/{rel}","templated":true}]}}