{"id":333,"date":"2024-04-28T16:50:39","date_gmt":"2024-04-28T14:50:39","guid":{"rendered":"http:\/\/dzikus.com.pl\/?post_type=product&#038;p=333"},"modified":"2024-04-28T16:50:39","modified_gmt":"2024-04-28T14:50:39","slug":"czapka-deer-hunter-usa","status":"publish","type":"product","link":"https:\/\/dzikus.com.pl\/?product=czapka-deer-hunter-usa","title":{"rendered":"Czapka deer Hunter USA"},"content":{"rendered":"<p>Czapka z daszkiem deer Hunter USA w kamufla\u017cu le\u015bnym z motywem jelenia i bia\u0142ymi zdobieniami na daszku.<\/p>\n","protected":false},"excerpt":{"rendered":"<p>Czapka z daszkiem deer Hunter USA w kamufla\u017cu le\u015bnym z [&hellip;]<\/p>\n","protected":false},"featured_media":334,"template":"","meta":{"_acf_changed":false},"product_cat":[41],"product_tag":[54],"class_list":{"0":"post-333","1":"product","2":"type-product","3":"status-publish","4":"has-post-thumbnail","6":"product_cat-czapki-i-kapelusze","7":"product_tag-czapka","9":"first","10":"instock","11":"taxable","12":"shipping-taxable","13":"purchasable","14":"product-type-simple"},"acf":[],"jetpack_sharing_enabled":true,"_links":{"self":[{"href":"https:\/\/dzikus.com.pl\/index.php?rest_route=\/wp\/v2\/product\/333","targetHints":{"allow":["GET"]}}],"collection":[{"href":"https:\/\/dzikus.com.pl\/index.php?rest_route=\/wp\/v2\/product"}],"about":[{"href":"https:\/\/dzikus.com.pl\/index.php?rest_route=\/wp\/v2\/types\/product"}],"wp:featuredmedia":[{"embeddable":true,"href":"https:\/\/dzikus.com.pl\/index.php?rest_route=\/wp\/v2\/media\/334"}],"wp:attachment":[{"href":"https:\/\/dzikus.com.pl\/index.php?rest_route=%2Fwp%2Fv2%2Fmedia&parent=333"}],"wp:term":[{"taxonomy":"product_cat","embeddable":true,"href":"https:\/\/dzikus.com.pl\/index.php?rest_route=%2Fwp%2Fv2%2Fproduct_cat&post=333"},{"taxonomy":"product_tag","embeddable":true,"href":"https:\/\/dzikus.com.pl\/index.php?rest_route=%2Fwp%2Fv2%2Fproduct_tag&post=333"}],"curies":[{"name":"wp","href":"https:\/\/api.w.org\/{rel}","templated":true}]}}