{"id":327,"date":"2024-04-28T16:47:14","date_gmt":"2024-04-28T14:47:14","guid":{"rendered":"http:\/\/dzikus.com.pl\/?post_type=product&#038;p=327"},"modified":"2024-04-28T19:55:27","modified_gmt":"2024-04-28T17:55:27","slug":"czapka-browning-w-kamuflazu-lesnym-zimowym","status":"publish","type":"product","link":"https:\/\/dzikus.com.pl\/?product=czapka-browning-w-kamuflazu-lesnym-zimowym","title":{"rendered":"Czapka z daszkiem Browning w kamufla\u017cu le\u015bnym zimowym"},"content":{"rendered":"<p>Czapka z daszkiem Browning w kamufla\u017cu le\u015bnym zimowym<\/p>\n","protected":false},"excerpt":{"rendered":"<p>Czapka z daszkiem Browning w kamufla\u017cu le\u015bnym zimowym<\/p>\n","protected":false},"featured_media":328,"template":"","meta":{"_acf_changed":false},"product_cat":[41],"product_tag":[52],"class_list":{"0":"post-327","1":"product","2":"type-product","3":"status-publish","4":"has-post-thumbnail","6":"product_cat-czapki-i-kapelusze","7":"product_tag-czapka_browning","9":"first","10":"instock","11":"taxable","12":"shipping-taxable","13":"purchasable","14":"product-type-simple"},"acf":[],"jetpack_sharing_enabled":true,"_links":{"self":[{"href":"https:\/\/dzikus.com.pl\/index.php?rest_route=\/wp\/v2\/product\/327","targetHints":{"allow":["GET"]}}],"collection":[{"href":"https:\/\/dzikus.com.pl\/index.php?rest_route=\/wp\/v2\/product"}],"about":[{"href":"https:\/\/dzikus.com.pl\/index.php?rest_route=\/wp\/v2\/types\/product"}],"wp:featuredmedia":[{"embeddable":true,"href":"https:\/\/dzikus.com.pl\/index.php?rest_route=\/wp\/v2\/media\/328"}],"wp:attachment":[{"href":"https:\/\/dzikus.com.pl\/index.php?rest_route=%2Fwp%2Fv2%2Fmedia&parent=327"}],"wp:term":[{"taxonomy":"product_cat","embeddable":true,"href":"https:\/\/dzikus.com.pl\/index.php?rest_route=%2Fwp%2Fv2%2Fproduct_cat&post=327"},{"taxonomy":"product_tag","embeddable":true,"href":"https:\/\/dzikus.com.pl\/index.php?rest_route=%2Fwp%2Fv2%2Fproduct_tag&post=327"}],"curies":[{"name":"wp","href":"https:\/\/api.w.org\/{rel}","templated":true}]}}