{"id":321,"date":"2024-04-28T16:38:28","date_gmt":"2024-04-28T14:38:28","guid":{"rendered":"http:\/\/dzikus.com.pl\/?post_type=product&#038;p=321"},"modified":"2024-09-05T10:49:39","modified_gmt":"2024-09-05T08:49:39","slug":"czapka-z-daszkiem-browning-na-zbiorowki","status":"publish","type":"product","link":"https:\/\/dzikus.com.pl\/?product=czapka-z-daszkiem-browning-na-zbiorowki","title":{"rendered":"Czapka z daszkiem Browning na zbior\u00f3wki"},"content":{"rendered":"<p>Czapka z daszkiem Browning na polowania zbiorowe w kamufla\u017cu le\u015bnym<\/p>\n","protected":false},"excerpt":{"rendered":"<p>Czapka z daszkiem Browning na polowania zbiorowe w kamufla\u017cu le\u015bnym<\/p>\n","protected":false},"featured_media":322,"template":"","meta":{"_acf_changed":false},"product_cat":[41,39],"product_tag":[53],"class_list":{"0":"post-321","1":"product","2":"type-product","3":"status-publish","4":"has-post-thumbnail","6":"product_cat-czapki-i-kapelusze","7":"product_cat-na-zbiorowke","8":"product_tag-czapka_browning_zbiorowka","10":"first","11":"instock","12":"taxable","13":"shipping-taxable","14":"purchasable","15":"product-type-simple"},"acf":[],"jetpack_sharing_enabled":true,"_links":{"self":[{"href":"https:\/\/dzikus.com.pl\/index.php?rest_route=\/wp\/v2\/product\/321","targetHints":{"allow":["GET"]}}],"collection":[{"href":"https:\/\/dzikus.com.pl\/index.php?rest_route=\/wp\/v2\/product"}],"about":[{"href":"https:\/\/dzikus.com.pl\/index.php?rest_route=\/wp\/v2\/types\/product"}],"wp:featuredmedia":[{"embeddable":true,"href":"https:\/\/dzikus.com.pl\/index.php?rest_route=\/wp\/v2\/media\/322"}],"wp:attachment":[{"href":"https:\/\/dzikus.com.pl\/index.php?rest_route=%2Fwp%2Fv2%2Fmedia&parent=321"}],"wp:term":[{"taxonomy":"product_cat","embeddable":true,"href":"https:\/\/dzikus.com.pl\/index.php?rest_route=%2Fwp%2Fv2%2Fproduct_cat&post=321"},{"taxonomy":"product_tag","embeddable":true,"href":"https:\/\/dzikus.com.pl\/index.php?rest_route=%2Fwp%2Fv2%2Fproduct_tag&post=321"}],"curies":[{"name":"wp","href":"https:\/\/api.w.org\/{rel}","templated":true}]}}