{"id":302,"date":"2024-04-28T16:19:51","date_gmt":"2024-04-28T14:19:51","guid":{"rendered":"http:\/\/dzikus.com.pl\/?post_type=product&#038;p=302"},"modified":"2024-04-28T16:19:51","modified_gmt":"2024-04-28T14:19:51","slug":"zestaw-nozy-mysliwskich","status":"publish","type":"product","link":"https:\/\/dzikus.com.pl\/?product=zestaw-nozy-mysliwskich","title":{"rendered":"Zestaw no\u017cy my\u015bliwskich"},"content":{"rendered":"<p>Idealny zestaw no\u017cy my\u015bliwskich do oporz\u0105dzenia tuszy upolowanej zwierzyny.<\/p>\n<p>Sk\u0142ad zestawu wchodzi ostrze do sk\u00f3rowania, ostrze do trybowania, pi\u0142a do ko\u015bci, oraz niewielki toporek.<\/p>\n<p>Ko\u0144ce toporka oraz ostrza do sk\u00f3rowania zosta\u0142y wyposa\u017cone w haki, kt\u00f3re bardzo u\u0142atwiaj\u0105 patroszenie<\/p>\n<p>Szybka i prosta wymiana ostrzy.<\/p>\n<p>Wszystko z zapakowane w wygodnym pokrowcu z uchwytem na pas.<\/p>\n<p>&nbsp;<\/p>\n","protected":false},"excerpt":{"rendered":"<p>Idealny zestaw no\u017cy my\u015bliwskich do oporz\u0105dzenia tuszy upolowanej zwierzyny. Sk\u0142ad [&hellip;]<\/p>\n","protected":false},"featured_media":303,"template":"","meta":{"_acf_changed":false},"product_cat":[20],"product_tag":[51],"class_list":{"0":"post-302","1":"product","2":"type-product","3":"status-publish","4":"has-post-thumbnail","6":"product_cat-noze","7":"product_tag-zestaw_nozy_do_patroszenia","9":"first","10":"instock","11":"taxable","12":"shipping-taxable","13":"purchasable","14":"product-type-simple"},"acf":[],"jetpack_sharing_enabled":true,"_links":{"self":[{"href":"https:\/\/dzikus.com.pl\/index.php?rest_route=\/wp\/v2\/product\/302","targetHints":{"allow":["GET"]}}],"collection":[{"href":"https:\/\/dzikus.com.pl\/index.php?rest_route=\/wp\/v2\/product"}],"about":[{"href":"https:\/\/dzikus.com.pl\/index.php?rest_route=\/wp\/v2\/types\/product"}],"wp:featuredmedia":[{"embeddable":true,"href":"https:\/\/dzikus.com.pl\/index.php?rest_route=\/wp\/v2\/media\/303"}],"wp:attachment":[{"href":"https:\/\/dzikus.com.pl\/index.php?rest_route=%2Fwp%2Fv2%2Fmedia&parent=302"}],"wp:term":[{"taxonomy":"product_cat","embeddable":true,"href":"https:\/\/dzikus.com.pl\/index.php?rest_route=%2Fwp%2Fv2%2Fproduct_cat&post=302"},{"taxonomy":"product_tag","embeddable":true,"href":"https:\/\/dzikus.com.pl\/index.php?rest_route=%2Fwp%2Fv2%2Fproduct_tag&post=302"}],"curies":[{"name":"wp","href":"https:\/\/api.w.org\/{rel}","templated":true}]}}