{"id":288,"date":"2024-04-28T15:02:50","date_gmt":"2024-04-28T13:02:50","guid":{"rendered":"http:\/\/dzikus.com.pl\/?post_type=product&#038;p=288"},"modified":"2024-04-28T15:02:50","modified_gmt":"2024-04-28T13:02:50","slug":"lizawka-na-necisko-prazone-ziarna","status":"publish","type":"product","link":"https:\/\/dzikus.com.pl\/?product=lizawka-na-necisko-prazone-ziarna","title":{"rendered":"Lizawka na n\u0119cisko pra\u017cone ziarna"},"content":{"rendered":"<p>Bardzo trwa\u0142y produkt na n\u0119cisko.<\/p>\n<p>3 kilogramy.<\/p>\n<p>Palone ziarna kukurydzy s\u0142onecznika i grochu zatopione w s\u0142onym karmelu.<\/p>\n<p>Wystarczy nasz\u0105 kostk\u0119 przykr\u0119ci\u0107 do pnia lub drzewa na wysoko\u015bci oko\u0142o 60 cm tak aby kostka mog\u0142a si\u0119 obraca\u0107. Produkt polecany szczeg\u00f3lnie my\u015bliwym, kt\u00f3rzy nie mieszkaj\u0105 w pobli\u017cu \u0142owiska i nie musz\u0105 codziennie wyk\u0142ada\u0107 karm\u0119 na n\u0119cisko.<\/p>\n","protected":false},"excerpt":{"rendered":"<p>Bardzo trwa\u0142y produkt na n\u0119cisko. 3 kilogramy. Palone ziarna kukurydzy [&hellip;]<\/p>\n","protected":false},"featured_media":289,"template":"","meta":{"_acf_changed":false},"product_cat":[33],"product_tag":[50],"class_list":{"0":"post-288","1":"product","2":"type-product","3":"status-publish","4":"has-post-thumbnail","6":"product_cat-produkty-do-necenia-zwierzyny","7":"product_tag-lizawka_slona_","9":"first","10":"instock","11":"taxable","12":"shipping-taxable","13":"purchasable","14":"product-type-simple"},"acf":[],"jetpack_sharing_enabled":true,"_links":{"self":[{"href":"https:\/\/dzikus.com.pl\/index.php?rest_route=\/wp\/v2\/product\/288","targetHints":{"allow":["GET"]}}],"collection":[{"href":"https:\/\/dzikus.com.pl\/index.php?rest_route=\/wp\/v2\/product"}],"about":[{"href":"https:\/\/dzikus.com.pl\/index.php?rest_route=\/wp\/v2\/types\/product"}],"wp:featuredmedia":[{"embeddable":true,"href":"https:\/\/dzikus.com.pl\/index.php?rest_route=\/wp\/v2\/media\/289"}],"wp:attachment":[{"href":"https:\/\/dzikus.com.pl\/index.php?rest_route=%2Fwp%2Fv2%2Fmedia&parent=288"}],"wp:term":[{"taxonomy":"product_cat","embeddable":true,"href":"https:\/\/dzikus.com.pl\/index.php?rest_route=%2Fwp%2Fv2%2Fproduct_cat&post=288"},{"taxonomy":"product_tag","embeddable":true,"href":"https:\/\/dzikus.com.pl\/index.php?rest_route=%2Fwp%2Fv2%2Fproduct_tag&post=288"}],"curies":[{"name":"wp","href":"https:\/\/api.w.org\/{rel}","templated":true}]}}