{"id":278,"date":"2024-04-28T14:48:55","date_gmt":"2024-04-28T12:48:55","guid":{"rendered":"http:\/\/dzikus.com.pl\/?post_type=product&#038;p=278"},"modified":"2024-04-28T15:24:06","modified_gmt":"2024-04-28T13:24:06","slug":"lizawka-slodka-z-kukurydza","status":"publish","type":"product","link":"https:\/\/dzikus.com.pl\/?product=lizawka-slodka-z-kukurydza","title":{"rendered":"Lizawka s\u0142odka z kukurydz\u0105"},"content":{"rendered":"<p>Bardzo trwa\u0142y produkt na n\u0119cisko.<\/p>\n<p>3 kilogramy.<\/p>\n<p>Ziarna kukurydzy zatopione w s\u0142odkim karmelu.<\/p>\n<p>Wystarczy nasz\u0105 kostk\u0119 przykr\u0119ci\u0107 do pnia lub drzewa na wysoko\u015bci oko\u0142o 60 cm tak aby kostka mog\u0142a si\u0119 obraca\u0107. Produkt polecany szczeg\u00f3lnie my\u015bliwym, kt\u00f3rzy nie mieszkaj\u0105 w pobli\u017cu \u0142owiska i nie musz\u0105 codziennie wyk\u0142ada\u0107 karm\u0119 na n\u0119cisko.<\/p>\n","protected":false},"excerpt":{"rendered":"<p>Bardzo trwa\u0142y produkt na n\u0119cisko. 3 kilogramy. Ziarna kukurydzy zatopione [&hellip;]<\/p>\n","protected":false},"featured_media":282,"template":"","meta":{"_acf_changed":false},"product_cat":[33],"product_tag":[48],"class_list":{"0":"post-278","1":"product","2":"type-product","3":"status-publish","4":"has-post-thumbnail","6":"product_cat-produkty-do-necenia-zwierzyny","7":"product_tag-lizawka_slodka","9":"first","10":"instock","11":"taxable","12":"shipping-taxable","13":"purchasable","14":"product-type-simple"},"acf":[],"jetpack_sharing_enabled":true,"_links":{"self":[{"href":"https:\/\/dzikus.com.pl\/index.php?rest_route=\/wp\/v2\/product\/278","targetHints":{"allow":["GET"]}}],"collection":[{"href":"https:\/\/dzikus.com.pl\/index.php?rest_route=\/wp\/v2\/product"}],"about":[{"href":"https:\/\/dzikus.com.pl\/index.php?rest_route=\/wp\/v2\/types\/product"}],"wp:featuredmedia":[{"embeddable":true,"href":"https:\/\/dzikus.com.pl\/index.php?rest_route=\/wp\/v2\/media\/282"}],"wp:attachment":[{"href":"https:\/\/dzikus.com.pl\/index.php?rest_route=%2Fwp%2Fv2%2Fmedia&parent=278"}],"wp:term":[{"taxonomy":"product_cat","embeddable":true,"href":"https:\/\/dzikus.com.pl\/index.php?rest_route=%2Fwp%2Fv2%2Fproduct_cat&post=278"},{"taxonomy":"product_tag","embeddable":true,"href":"https:\/\/dzikus.com.pl\/index.php?rest_route=%2Fwp%2Fv2%2Fproduct_tag&post=278"}],"curies":[{"name":"wp","href":"https:\/\/api.w.org\/{rel}","templated":true}]}}