{"id":274,"date":"2024-04-28T14:19:47","date_gmt":"2024-04-28T12:19:47","guid":{"rendered":"http:\/\/dzikus.com.pl\/?post_type=product&#038;p=274"},"modified":"2024-04-28T19:54:10","modified_gmt":"2024-04-28T17:54:10","slug":"noz-mysliwski-skorzanej-pochwie","status":"publish","type":"product","link":"https:\/\/dzikus.com.pl\/?product=noz-mysliwski-skorzanej-pochwie","title":{"rendered":"N\u00f3\u017c my\u015bliwski w sk\u00f3rzanej pochwie"},"content":{"rendered":"<p>Bardzo ostry n\u00f3\u017c my\u015bliwski w sk\u00f3rzanej zdobionej pochwie.<\/p>\n<p>&nbsp;<\/p>\n","protected":false},"excerpt":{"rendered":"<p>Bardzo ostry n\u00f3\u017c my\u015bliwski w sk\u00f3rzanej zdobionej pochwie. &nbsp;<\/p>\n","protected":false},"featured_media":298,"template":"","meta":{"_acf_changed":false},"product_cat":[20],"product_tag":[47],"class_list":{"0":"post-274","1":"product","2":"type-product","3":"status-publish","4":"has-post-thumbnail","6":"product_cat-noze","7":"product_tag-noz_mysliwski","9":"first","10":"instock","11":"taxable","12":"shipping-taxable","13":"purchasable","14":"product-type-simple"},"acf":[],"jetpack_sharing_enabled":true,"_links":{"self":[{"href":"https:\/\/dzikus.com.pl\/index.php?rest_route=\/wp\/v2\/product\/274","targetHints":{"allow":["GET"]}}],"collection":[{"href":"https:\/\/dzikus.com.pl\/index.php?rest_route=\/wp\/v2\/product"}],"about":[{"href":"https:\/\/dzikus.com.pl\/index.php?rest_route=\/wp\/v2\/types\/product"}],"wp:featuredmedia":[{"embeddable":true,"href":"https:\/\/dzikus.com.pl\/index.php?rest_route=\/wp\/v2\/media\/298"}],"wp:attachment":[{"href":"https:\/\/dzikus.com.pl\/index.php?rest_route=%2Fwp%2Fv2%2Fmedia&parent=274"}],"wp:term":[{"taxonomy":"product_cat","embeddable":true,"href":"https:\/\/dzikus.com.pl\/index.php?rest_route=%2Fwp%2Fv2%2Fproduct_cat&post=274"},{"taxonomy":"product_tag","embeddable":true,"href":"https:\/\/dzikus.com.pl\/index.php?rest_route=%2Fwp%2Fv2%2Fproduct_tag&post=274"}],"curies":[{"name":"wp","href":"https:\/\/api.w.org\/{rel}","templated":true}]}}