{"id":1286,"date":"2024-10-21T22:26:14","date_gmt":"2024-10-21T20:26:14","guid":{"rendered":"http:\/\/dzikus.com.pl\/?post_type=product&#038;p=1286"},"modified":"2024-10-21T22:26:14","modified_gmt":"2024-10-21T20:26:14","slug":"komplet-zimowy-dzieciecy-kurtka-spodnie-ogrodniczki-membrana","status":"publish","type":"product","link":"https:\/\/dzikus.com.pl\/?product=komplet-zimowy-dzieciecy-kurtka-spodnie-ogrodniczki-membrana","title":{"rendered":"Komplet zimowy dzieci\u0119cy kurtka + spodnie ogrodniczki MEMBRANA"},"content":{"rendered":"<h2 style=\"text-align: center;\">Komplet zimowy dzieci\u0119cy kurtka + spodnie ogrodniczki MEMBRANA<\/h2>\n<p>&nbsp;<\/p>\n<p>Zestaw uszyty jest z materia\u0142u typu MEMBRANA i ocieplony jest wat\u0105 poliestrow\u0105. Materia\u0142 membranowy posiada w\u0142a\u015bciwo\u015b\u0107, \u017ce wilgo\u0107 przenika tylko w jedn\u0105 stron\u0119 i zawsze czujesz si\u0119 sucho i ciep\u0142o. Chroni przed mrozem do -25 st.<\/p>\n<p>&nbsp;<\/p>\n<p style=\"text-align: center;\"><strong>Kurtka posiada:<\/strong><\/p>\n<ul>\n<li>6 kieszeni,<\/li>\n<li>odpinany kaptur,<\/li>\n<li><span class=\"def\">wygodny i solidny podw\u00f3jny zamek b\u0142yskawiczny oraz os\u0142on\u0119<\/span><span class=\"def\"> przeciwwiatrow\u0105,<\/span><\/li>\n<li>ko\u0142nierz ocieplony polarem przyjemnym w dotyku,<\/li>\n<li>chroni przed umiarkowanym deszczem i mokrym \u015bniegiem,<\/li>\n<li>dodatkowo ocieplenie polarem przyjemne na dotyk,<\/li>\n<li>gumk\u0119, kt\u00f3ra dociska kurtk\u0119 do cia\u0142a,<\/li>\n<\/ul>\n<p>&nbsp;<\/p>\n<p style=\"text-align: center;\"><strong>Spodnie posiadaj\u0105:<\/strong><\/p>\n<ul>\n<li>4 kieszenie,<\/li>\n<li>regulowane szelki z gumk\u0105, zapinane na wygodne zatrzaski,<\/li>\n<li>guma w pasie,<\/li>\n<li>dodatkowe ocieplenie kr\u0119gos\u0142upa i brzucha,<\/li>\n<li>ocieplenie kieszenie przyjemne w dotyku.<\/li>\n<\/ul>\n<p style=\"text-align: center;\">CHARAKTERYSTYKA:<\/p>\n<ul>\n<li>odporny na wiatr i niskie temperatury,<\/li>\n<li>nieprzemakalny materia\u0142 przyjemny w dotyku,<\/li>\n<li>bardzo ciep\u0142y,<\/li>\n<li>dodatkowe ocieplenie polarem ko\u0142nierza i plec\u00f3w,<\/li>\n<li>kaptur ocieplony polarem, regulowany z zamkiem b\u0142yskawicznym i mo\u017cliwo\u015bci\u0105 odpinania,<\/li>\n<li>wygodne spodnie ogrodniczki posiadaj\u0105ce gumk\u0119 i regulowane szelki,<\/li>\n<li>przeciwwiatrowa os\u0142ona zamku b\u0142yskawicznego,<\/li>\n<li>spodnie na szelkach posiadaj\u0105 wysoki stan przez co dbaj\u0105 o ocieplenie kr\u0119gos\u0142upa oraz brzucha,<\/li>\n<li>ma\u0142a waga zestawu u\u0142atwiaj\u0105ca poruszanie si\u0119<\/li>\n<\/ul>\n","protected":false},"excerpt":{"rendered":"<p>Komplet zimowy dzieci\u0119cy kurtka + spodnie ogrodniczki MEMBRANA &nbsp; Zestaw [&hellip;]<\/p>\n","protected":false},"featured_media":1287,"template":"","meta":{"_acf_changed":false},"product_cat":[16,42],"product_tag":[],"class_list":{"0":"post-1286","1":"product","2":"type-product","3":"status-publish","4":"has-post-thumbnail","6":"product_cat-odziez","7":"product_cat-komplet-mysliwski-zimowy","9":"first","10":"instock","11":"taxable","12":"shipping-taxable","13":"purchasable","14":"product-type-simple"},"acf":[],"jetpack_sharing_enabled":true,"_links":{"self":[{"href":"https:\/\/dzikus.com.pl\/index.php?rest_route=\/wp\/v2\/product\/1286","targetHints":{"allow":["GET"]}}],"collection":[{"href":"https:\/\/dzikus.com.pl\/index.php?rest_route=\/wp\/v2\/product"}],"about":[{"href":"https:\/\/dzikus.com.pl\/index.php?rest_route=\/wp\/v2\/types\/product"}],"wp:featuredmedia":[{"embeddable":true,"href":"https:\/\/dzikus.com.pl\/index.php?rest_route=\/wp\/v2\/media\/1287"}],"wp:attachment":[{"href":"https:\/\/dzikus.com.pl\/index.php?rest_route=%2Fwp%2Fv2%2Fmedia&parent=1286"}],"wp:term":[{"taxonomy":"product_cat","embeddable":true,"href":"https:\/\/dzikus.com.pl\/index.php?rest_route=%2Fwp%2Fv2%2Fproduct_cat&post=1286"},{"taxonomy":"product_tag","embeddable":true,"href":"https:\/\/dzikus.com.pl\/index.php?rest_route=%2Fwp%2Fv2%2Fproduct_tag&post=1286"}],"curies":[{"name":"wp","href":"https:\/\/api.w.org\/{rel}","templated":true}]}}