{"id":1262,"date":"2024-10-09T13:30:56","date_gmt":"2024-10-09T11:30:56","guid":{"rendered":"http:\/\/dzikus.com.pl\/?post_type=product&#038;p=1262"},"modified":"2024-10-09T13:30:56","modified_gmt":"2024-10-09T11:30:56","slug":"dzikie-kaczki-znaczek-mysliwski","status":"publish","type":"product","link":"https:\/\/dzikus.com.pl\/?product=dzikie-kaczki-znaczek-mysliwski","title":{"rendered":"Dzikie kaczki znaczek my\u015bliwski"},"content":{"rendered":"<p>&nbsp;<\/p>\n<h2 class=\"product_title entry-title\" style=\"text-align: center;\">Dzikie kaczki znaczek my\u015bliwski<\/h2>\n<p>&nbsp;<\/p>\n<p style=\"text-align: center;\">Przypinka my\u015bliwska w kszta\u0142cie dw\u00f3ch kaczek w locie na metalow\u0105 szpilk\u0119 kolor stary mosi\u0105dz wymiary\u00a0 23 x 26 mm.<\/p>\n","protected":false},"excerpt":{"rendered":"<p>&nbsp; Dzikie kaczki znaczek my\u015bliwski &nbsp; Przypinka my\u015bliwska w kszta\u0142cie [&hellip;]<\/p>\n","protected":false},"featured_media":1263,"template":"","meta":{"_acf_changed":false},"product_cat":[16,41],"product_tag":[],"class_list":{"0":"post-1262","1":"product","2":"type-product","3":"status-publish","4":"has-post-thumbnail","6":"product_cat-odziez","7":"product_cat-czapki-i-kapelusze","9":"first","10":"instock","11":"taxable","12":"shipping-taxable","13":"purchasable","14":"product-type-simple"},"acf":[],"jetpack_sharing_enabled":true,"_links":{"self":[{"href":"https:\/\/dzikus.com.pl\/index.php?rest_route=\/wp\/v2\/product\/1262","targetHints":{"allow":["GET"]}}],"collection":[{"href":"https:\/\/dzikus.com.pl\/index.php?rest_route=\/wp\/v2\/product"}],"about":[{"href":"https:\/\/dzikus.com.pl\/index.php?rest_route=\/wp\/v2\/types\/product"}],"wp:featuredmedia":[{"embeddable":true,"href":"https:\/\/dzikus.com.pl\/index.php?rest_route=\/wp\/v2\/media\/1263"}],"wp:attachment":[{"href":"https:\/\/dzikus.com.pl\/index.php?rest_route=%2Fwp%2Fv2%2Fmedia&parent=1262"}],"wp:term":[{"taxonomy":"product_cat","embeddable":true,"href":"https:\/\/dzikus.com.pl\/index.php?rest_route=%2Fwp%2Fv2%2Fproduct_cat&post=1262"},{"taxonomy":"product_tag","embeddable":true,"href":"https:\/\/dzikus.com.pl\/index.php?rest_route=%2Fwp%2Fv2%2Fproduct_tag&post=1262"}],"curies":[{"name":"wp","href":"https:\/\/api.w.org\/{rel}","templated":true}]}}