{"id":1257,"date":"2024-10-09T13:27:04","date_gmt":"2024-10-09T11:27:04","guid":{"rendered":"http:\/\/dzikus.com.pl\/?post_type=product&#038;p=1257"},"modified":"2024-10-09T13:27:05","modified_gmt":"2024-10-09T11:27:05","slug":"zoladz-zawieszka-metalowa","status":"publish","type":"product","link":"https:\/\/dzikus.com.pl\/?product=zoladz-zawieszka-metalowa","title":{"rendered":"\u017bo\u0142\u0105d\u017a zawieszka metalowa"},"content":{"rendered":"<p>&nbsp;<\/p>\n<h2 class=\"product_title entry-title\" style=\"text-align: center;\">\u017bo\u0142\u0105d\u017a zawieszka metalowa<\/h2>\n<p>&nbsp;<\/p>\n<p style=\"text-align: center;\">Zawieszka my\u015bliwska w kszta\u0142cie \u017co\u0142\u0119dzia. Rozmiar 13.5 x 6.5mm, kolor stary mosi\u0105dz.<\/p>\n","protected":false},"excerpt":{"rendered":"<p>&nbsp; \u017bo\u0142\u0105d\u017a zawieszka metalowa &nbsp; Zawieszka my\u015bliwska w kszta\u0142cie \u017co\u0142\u0119dzia. [&hellip;]<\/p>\n","protected":false},"featured_media":1258,"template":"","meta":{"_acf_changed":false},"product_cat":[16,41],"product_tag":[],"class_list":{"0":"post-1257","1":"product","2":"type-product","3":"status-publish","4":"has-post-thumbnail","6":"product_cat-odziez","7":"product_cat-czapki-i-kapelusze","9":"first","10":"instock","11":"taxable","12":"shipping-taxable","13":"purchasable","14":"product-type-simple"},"acf":[],"jetpack_sharing_enabled":true,"_links":{"self":[{"href":"https:\/\/dzikus.com.pl\/index.php?rest_route=\/wp\/v2\/product\/1257","targetHints":{"allow":["GET"]}}],"collection":[{"href":"https:\/\/dzikus.com.pl\/index.php?rest_route=\/wp\/v2\/product"}],"about":[{"href":"https:\/\/dzikus.com.pl\/index.php?rest_route=\/wp\/v2\/types\/product"}],"wp:featuredmedia":[{"embeddable":true,"href":"https:\/\/dzikus.com.pl\/index.php?rest_route=\/wp\/v2\/media\/1258"}],"wp:attachment":[{"href":"https:\/\/dzikus.com.pl\/index.php?rest_route=%2Fwp%2Fv2%2Fmedia&parent=1257"}],"wp:term":[{"taxonomy":"product_cat","embeddable":true,"href":"https:\/\/dzikus.com.pl\/index.php?rest_route=%2Fwp%2Fv2%2Fproduct_cat&post=1257"},{"taxonomy":"product_tag","embeddable":true,"href":"https:\/\/dzikus.com.pl\/index.php?rest_route=%2Fwp%2Fv2%2Fproduct_tag&post=1257"}],"curies":[{"name":"wp","href":"https:\/\/api.w.org\/{rel}","templated":true}]}}