{"id":1253,"date":"2024-10-09T13:23:48","date_gmt":"2024-10-09T11:23:48","guid":{"rendered":"http:\/\/dzikus.com.pl\/?post_type=product&#038;p=1253"},"modified":"2024-10-09T13:23:49","modified_gmt":"2024-10-09T11:23:49","slug":"orzelek","status":"publish","type":"product","link":"https:\/\/dzikus.com.pl\/?product=orzelek","title":{"rendered":"Orze\u0142ek"},"content":{"rendered":"<p>&nbsp;<\/p>\n<h2 class=\"product_title entry-title\" style=\"text-align: center;\">Orze\u0142ek<\/h2>\n<p>&nbsp;<\/p>\n<p style=\"text-align: center;\">Przypinka metalowa na pin w kszta\u0142cie poluj\u0105cego or\u0142a. Kolor stary mosi\u0105dz, wymiary 22 x 14 mm.<\/p>\n","protected":false},"excerpt":{"rendered":"<p>&nbsp; Orze\u0142ek &nbsp; Przypinka metalowa na pin w kszta\u0142cie poluj\u0105cego [&hellip;]<\/p>\n","protected":false},"featured_media":1254,"template":"","meta":{"_acf_changed":false},"product_cat":[16,41],"product_tag":[],"class_list":{"0":"post-1253","1":"product","2":"type-product","3":"status-publish","4":"has-post-thumbnail","6":"product_cat-odziez","7":"product_cat-czapki-i-kapelusze","9":"first","10":"instock","11":"taxable","12":"shipping-taxable","13":"purchasable","14":"product-type-simple"},"acf":[],"jetpack_sharing_enabled":true,"_links":{"self":[{"href":"https:\/\/dzikus.com.pl\/index.php?rest_route=\/wp\/v2\/product\/1253","targetHints":{"allow":["GET"]}}],"collection":[{"href":"https:\/\/dzikus.com.pl\/index.php?rest_route=\/wp\/v2\/product"}],"about":[{"href":"https:\/\/dzikus.com.pl\/index.php?rest_route=\/wp\/v2\/types\/product"}],"wp:featuredmedia":[{"embeddable":true,"href":"https:\/\/dzikus.com.pl\/index.php?rest_route=\/wp\/v2\/media\/1254"}],"wp:attachment":[{"href":"https:\/\/dzikus.com.pl\/index.php?rest_route=%2Fwp%2Fv2%2Fmedia&parent=1253"}],"wp:term":[{"taxonomy":"product_cat","embeddable":true,"href":"https:\/\/dzikus.com.pl\/index.php?rest_route=%2Fwp%2Fv2%2Fproduct_cat&post=1253"},{"taxonomy":"product_tag","embeddable":true,"href":"https:\/\/dzikus.com.pl\/index.php?rest_route=%2Fwp%2Fv2%2Fproduct_tag&post=1253"}],"curies":[{"name":"wp","href":"https:\/\/api.w.org\/{rel}","templated":true}]}}