{"id":1248,"date":"2024-10-09T13:21:23","date_gmt":"2024-10-09T11:21:23","guid":{"rendered":"http:\/\/dzikus.com.pl\/?post_type=product&#038;p=1248"},"modified":"2024-10-09T13:21:23","modified_gmt":"2024-10-09T11:21:23","slug":"bazant-znaczek-mysliwski-kolor-srebrny","status":"publish","type":"product","link":"https:\/\/dzikus.com.pl\/?product=bazant-znaczek-mysliwski-kolor-srebrny","title":{"rendered":"Ba\u017cant znaczek my\u015bliwski kolor srebrny"},"content":{"rendered":"<p>&nbsp;<\/p>\n<h2 style=\"text-align: center;\">Ba\u017cant znaczek my\u015bliwski kolor srebrny<\/h2>\n<p>&nbsp;<\/p>\n<p style=\"text-align: center;\">Przypinka ba\u017cant na metalow\u0105 szpilk\u0119 kolor srebrny wymiary\u00a0 26 x 40 mm.<\/p>\n","protected":false},"excerpt":{"rendered":"<p>&nbsp; Ba\u017cant znaczek my\u015bliwski kolor srebrny &nbsp; Przypinka ba\u017cant na [&hellip;]<\/p>\n","protected":false},"featured_media":1249,"template":"","meta":{"_acf_changed":false},"product_cat":[16,41],"product_tag":[],"class_list":{"0":"post-1248","1":"product","2":"type-product","3":"status-publish","4":"has-post-thumbnail","6":"product_cat-odziez","7":"product_cat-czapki-i-kapelusze","9":"first","10":"instock","11":"taxable","12":"shipping-taxable","13":"purchasable","14":"product-type-simple"},"acf":[],"jetpack_sharing_enabled":true,"_links":{"self":[{"href":"https:\/\/dzikus.com.pl\/index.php?rest_route=\/wp\/v2\/product\/1248","targetHints":{"allow":["GET"]}}],"collection":[{"href":"https:\/\/dzikus.com.pl\/index.php?rest_route=\/wp\/v2\/product"}],"about":[{"href":"https:\/\/dzikus.com.pl\/index.php?rest_route=\/wp\/v2\/types\/product"}],"wp:featuredmedia":[{"embeddable":true,"href":"https:\/\/dzikus.com.pl\/index.php?rest_route=\/wp\/v2\/media\/1249"}],"wp:attachment":[{"href":"https:\/\/dzikus.com.pl\/index.php?rest_route=%2Fwp%2Fv2%2Fmedia&parent=1248"}],"wp:term":[{"taxonomy":"product_cat","embeddable":true,"href":"https:\/\/dzikus.com.pl\/index.php?rest_route=%2Fwp%2Fv2%2Fproduct_cat&post=1248"},{"taxonomy":"product_tag","embeddable":true,"href":"https:\/\/dzikus.com.pl\/index.php?rest_route=%2Fwp%2Fv2%2Fproduct_tag&post=1248"}],"curies":[{"name":"wp","href":"https:\/\/api.w.org\/{rel}","templated":true}]}}