{"id":1228,"date":"2024-10-09T13:02:17","date_gmt":"2024-10-09T11:02:17","guid":{"rendered":"http:\/\/dzikus.com.pl\/?post_type=product&#038;p=1228"},"modified":"2024-10-09T13:02:17","modified_gmt":"2024-10-09T11:02:17","slug":"zajac-znaczek-mysliwski","status":"publish","type":"product","link":"https:\/\/dzikus.com.pl\/?product=zajac-znaczek-mysliwski","title":{"rendered":"Zaj\u0105c znaczek my\u015bliwski"},"content":{"rendered":"<p>&nbsp;<\/p>\n<h2 class=\"product_title entry-title\" style=\"text-align: center;\">Zaj\u0105c znaczek my\u015bliwski<\/h2>\n<p>&nbsp;<\/p>\n<p style=\"text-align: center;\">Przypinka zaj\u0105c na metalow\u0105 szpilk\u0119 kolor stary mosi\u0105dz wymiary 21 x 37 mm<\/p>\n","protected":false},"excerpt":{"rendered":"<p>&nbsp; Zaj\u0105c znaczek my\u015bliwski &nbsp; Przypinka zaj\u0105c na metalow\u0105 szpilk\u0119 [&hellip;]<\/p>\n","protected":false},"featured_media":1229,"template":"","meta":{"_acf_changed":false},"product_cat":[16,41],"product_tag":[],"class_list":{"0":"post-1228","1":"product","2":"type-product","3":"status-publish","4":"has-post-thumbnail","6":"product_cat-odziez","7":"product_cat-czapki-i-kapelusze","9":"first","10":"instock","11":"taxable","12":"shipping-taxable","13":"purchasable","14":"product-type-simple"},"acf":[],"jetpack_sharing_enabled":true,"_links":{"self":[{"href":"https:\/\/dzikus.com.pl\/index.php?rest_route=\/wp\/v2\/product\/1228","targetHints":{"allow":["GET"]}}],"collection":[{"href":"https:\/\/dzikus.com.pl\/index.php?rest_route=\/wp\/v2\/product"}],"about":[{"href":"https:\/\/dzikus.com.pl\/index.php?rest_route=\/wp\/v2\/types\/product"}],"wp:featuredmedia":[{"embeddable":true,"href":"https:\/\/dzikus.com.pl\/index.php?rest_route=\/wp\/v2\/media\/1229"}],"wp:attachment":[{"href":"https:\/\/dzikus.com.pl\/index.php?rest_route=%2Fwp%2Fv2%2Fmedia&parent=1228"}],"wp:term":[{"taxonomy":"product_cat","embeddable":true,"href":"https:\/\/dzikus.com.pl\/index.php?rest_route=%2Fwp%2Fv2%2Fproduct_cat&post=1228"},{"taxonomy":"product_tag","embeddable":true,"href":"https:\/\/dzikus.com.pl\/index.php?rest_route=%2Fwp%2Fv2%2Fproduct_tag&post=1228"}],"curies":[{"name":"wp","href":"https:\/\/api.w.org\/{rel}","templated":true}]}}