{"id":1214,"date":"2024-10-09T12:52:55","date_gmt":"2024-10-09T10:52:55","guid":{"rendered":"http:\/\/dzikus.com.pl\/?post_type=product&#038;p=1214"},"modified":"2024-10-09T12:52:55","modified_gmt":"2024-10-09T10:52:55","slug":"jelen-znaczek-mysliwski","status":"publish","type":"product","link":"https:\/\/dzikus.com.pl\/?product=jelen-znaczek-mysliwski","title":{"rendered":"Jele\u0144 znaczek my\u015bliwski"},"content":{"rendered":"<p>&nbsp;<\/p>\n<h2 class=\"product_title entry-title\" style=\"text-align: center;\">Jele\u0144 znaczek my\u015bliwski<\/h2>\n<p>&nbsp;<\/p>\n<p style=\"text-align: center;\">Przypinka jele\u0144 na metalow\u0105 szpilk\u0119 kolor stary mosi\u0105dz wym. 41 x 30 mm<\/p>\n","protected":false},"excerpt":{"rendered":"<p>&nbsp; Jele\u0144 znaczek my\u015bliwski &nbsp; Przypinka jele\u0144 na metalow\u0105 szpilk\u0119 [&hellip;]<\/p>\n","protected":false},"featured_media":1215,"template":"","meta":{"_acf_changed":false},"product_cat":[16,41],"product_tag":[],"class_list":{"0":"post-1214","1":"product","2":"type-product","3":"status-publish","4":"has-post-thumbnail","6":"product_cat-odziez","7":"product_cat-czapki-i-kapelusze","9":"first","10":"instock","11":"taxable","12":"shipping-taxable","13":"purchasable","14":"product-type-simple"},"acf":[],"jetpack_sharing_enabled":true,"_links":{"self":[{"href":"https:\/\/dzikus.com.pl\/index.php?rest_route=\/wp\/v2\/product\/1214","targetHints":{"allow":["GET"]}}],"collection":[{"href":"https:\/\/dzikus.com.pl\/index.php?rest_route=\/wp\/v2\/product"}],"about":[{"href":"https:\/\/dzikus.com.pl\/index.php?rest_route=\/wp\/v2\/types\/product"}],"wp:featuredmedia":[{"embeddable":true,"href":"https:\/\/dzikus.com.pl\/index.php?rest_route=\/wp\/v2\/media\/1215"}],"wp:attachment":[{"href":"https:\/\/dzikus.com.pl\/index.php?rest_route=%2Fwp%2Fv2%2Fmedia&parent=1214"}],"wp:term":[{"taxonomy":"product_cat","embeddable":true,"href":"https:\/\/dzikus.com.pl\/index.php?rest_route=%2Fwp%2Fv2%2Fproduct_cat&post=1214"},{"taxonomy":"product_tag","embeddable":true,"href":"https:\/\/dzikus.com.pl\/index.php?rest_route=%2Fwp%2Fv2%2Fproduct_tag&post=1214"}],"curies":[{"name":"wp","href":"https:\/\/api.w.org\/{rel}","templated":true}]}}