{"id":1205,"date":"2024-10-09T12:42:10","date_gmt":"2024-10-09T10:42:10","guid":{"rendered":"http:\/\/dzikus.com.pl\/?post_type=product&#038;p=1205"},"modified":"2024-10-09T12:42:10","modified_gmt":"2024-10-09T10:42:10","slug":"jamnik-znaczek-mysliwski","status":"publish","type":"product","link":"https:\/\/dzikus.com.pl\/?product=jamnik-znaczek-mysliwski","title":{"rendered":"Jamnik znaczek my\u015bliwski"},"content":{"rendered":"<h2 class=\"product_title entry-title\" style=\"text-align: center;\">Jamnik znaczek my\u015bliwski<\/h2>\n<p>&nbsp;<\/p>\n<p style=\"text-align: center;\">Przypinka my\u015bliwska w kszta\u0142cie psa jamnika na metalow\u0105 szpilk\u0119 (pin) kolor stary mosi\u0105dz wymiary 30 x 20 mm<\/p>\n","protected":false},"excerpt":{"rendered":"<p>Jamnik znaczek my\u015bliwski &nbsp; Przypinka my\u015bliwska w kszta\u0142cie psa jamnika [&hellip;]<\/p>\n","protected":false},"featured_media":1206,"template":"","meta":{"_acf_changed":false},"product_cat":[40],"product_tag":[],"class_list":{"0":"post-1205","1":"product","2":"type-product","3":"status-publish","4":"has-post-thumbnail","6":"product_cat-kuchnia","8":"first","9":"instock","10":"taxable","11":"shipping-taxable","12":"purchasable","13":"product-type-simple"},"acf":[],"jetpack_sharing_enabled":true,"_links":{"self":[{"href":"https:\/\/dzikus.com.pl\/index.php?rest_route=\/wp\/v2\/product\/1205","targetHints":{"allow":["GET"]}}],"collection":[{"href":"https:\/\/dzikus.com.pl\/index.php?rest_route=\/wp\/v2\/product"}],"about":[{"href":"https:\/\/dzikus.com.pl\/index.php?rest_route=\/wp\/v2\/types\/product"}],"wp:featuredmedia":[{"embeddable":true,"href":"https:\/\/dzikus.com.pl\/index.php?rest_route=\/wp\/v2\/media\/1206"}],"wp:attachment":[{"href":"https:\/\/dzikus.com.pl\/index.php?rest_route=%2Fwp%2Fv2%2Fmedia&parent=1205"}],"wp:term":[{"taxonomy":"product_cat","embeddable":true,"href":"https:\/\/dzikus.com.pl\/index.php?rest_route=%2Fwp%2Fv2%2Fproduct_cat&post=1205"},{"taxonomy":"product_tag","embeddable":true,"href":"https:\/\/dzikus.com.pl\/index.php?rest_route=%2Fwp%2Fv2%2Fproduct_tag&post=1205"}],"curies":[{"name":"wp","href":"https:\/\/api.w.org\/{rel}","templated":true}]}}