{"id":1194,"date":"2024-10-09T12:33:45","date_gmt":"2024-10-09T10:33:45","guid":{"rendered":"http:\/\/dzikus.com.pl\/?post_type=product&#038;p=1194"},"modified":"2024-10-09T12:33:45","modified_gmt":"2024-10-09T10:33:45","slug":"wyjacy-wilk-znaczek-mysliwski","status":"publish","type":"product","link":"https:\/\/dzikus.com.pl\/?product=wyjacy-wilk-znaczek-mysliwski","title":{"rendered":"Wyj\u0105cy wilk znaczek my\u015bliwski"},"content":{"rendered":"<h2 class=\"product_title entry-title\" style=\"text-align: center;\">Wyj\u0105cy wilk znaczek my\u015bliwski<\/h2>\n<p>&nbsp;<\/p>\n<p>Przypinka my\u015bliwska w kszta\u0142cie siedz\u0105cego na tylnych \u0142apach wilka z g\u0142ow\u0105 mocno zadart\u0105 do g\u00f3ry i wyj\u0105cego. Zapi\u0119cie na metalow\u0105 szpilk\u0119\u00a0 kolor stary mosi\u0105dz wymiary 31 x 29 mm.<\/p>\n<p>&nbsp;<\/p>\n","protected":false},"excerpt":{"rendered":"<p>Wyj\u0105cy wilk znaczek my\u015bliwski &nbsp; Przypinka my\u015bliwska w kszta\u0142cie siedz\u0105cego [&hellip;]<\/p>\n","protected":false},"featured_media":1195,"template":"","meta":{"_acf_changed":false},"product_cat":[40],"product_tag":[],"class_list":{"0":"post-1194","1":"product","2":"type-product","3":"status-publish","4":"has-post-thumbnail","6":"product_cat-kuchnia","8":"first","9":"instock","10":"taxable","11":"shipping-taxable","12":"purchasable","13":"product-type-simple"},"acf":[],"jetpack_sharing_enabled":true,"_links":{"self":[{"href":"https:\/\/dzikus.com.pl\/index.php?rest_route=\/wp\/v2\/product\/1194","targetHints":{"allow":["GET"]}}],"collection":[{"href":"https:\/\/dzikus.com.pl\/index.php?rest_route=\/wp\/v2\/product"}],"about":[{"href":"https:\/\/dzikus.com.pl\/index.php?rest_route=\/wp\/v2\/types\/product"}],"wp:featuredmedia":[{"embeddable":true,"href":"https:\/\/dzikus.com.pl\/index.php?rest_route=\/wp\/v2\/media\/1195"}],"wp:attachment":[{"href":"https:\/\/dzikus.com.pl\/index.php?rest_route=%2Fwp%2Fv2%2Fmedia&parent=1194"}],"wp:term":[{"taxonomy":"product_cat","embeddable":true,"href":"https:\/\/dzikus.com.pl\/index.php?rest_route=%2Fwp%2Fv2%2Fproduct_cat&post=1194"},{"taxonomy":"product_tag","embeddable":true,"href":"https:\/\/dzikus.com.pl\/index.php?rest_route=%2Fwp%2Fv2%2Fproduct_tag&post=1194"}],"curies":[{"name":"wp","href":"https:\/\/api.w.org\/{rel}","templated":true}]}}