{"id":1186,"date":"2024-10-09T12:30:48","date_gmt":"2024-10-09T10:30:48","guid":{"rendered":"http:\/\/dzikus.com.pl\/?post_type=product&#038;p=1186"},"modified":"2024-10-09T12:30:49","modified_gmt":"2024-10-09T10:30:49","slug":"borsuk-znaczek-mysliwski","status":"publish","type":"product","link":"https:\/\/dzikus.com.pl\/?product=borsuk-znaczek-mysliwski","title":{"rendered":"Borsuk znaczek my\u015bliwski"},"content":{"rendered":"<h2 class=\"product_title entry-title\" style=\"text-align: center;\">Borsuk znaczek my\u015bliwski<\/h2>\n<p>&nbsp;<\/p>\n<p style=\"text-align: center;\">Przypinka borsuk na metalow\u0105 szpilk\u0119 kolor stary mosi\u0105dz wymiary\u00a0 35 x 16 mm<\/p>\n","protected":false},"excerpt":{"rendered":"<p>Borsuk znaczek my\u015bliwski &nbsp; Przypinka borsuk na metalow\u0105 szpilk\u0119 kolor [&hellip;]<\/p>\n","protected":false},"featured_media":1191,"template":"","meta":{"_acf_changed":false},"product_cat":[40],"product_tag":[],"class_list":{"0":"post-1186","1":"product","2":"type-product","3":"status-publish","4":"has-post-thumbnail","6":"product_cat-kuchnia","8":"first","9":"instock","10":"taxable","11":"shipping-taxable","12":"purchasable","13":"product-type-simple"},"acf":[],"jetpack_sharing_enabled":true,"_links":{"self":[{"href":"https:\/\/dzikus.com.pl\/index.php?rest_route=\/wp\/v2\/product\/1186","targetHints":{"allow":["GET"]}}],"collection":[{"href":"https:\/\/dzikus.com.pl\/index.php?rest_route=\/wp\/v2\/product"}],"about":[{"href":"https:\/\/dzikus.com.pl\/index.php?rest_route=\/wp\/v2\/types\/product"}],"wp:featuredmedia":[{"embeddable":true,"href":"https:\/\/dzikus.com.pl\/index.php?rest_route=\/wp\/v2\/media\/1191"}],"wp:attachment":[{"href":"https:\/\/dzikus.com.pl\/index.php?rest_route=%2Fwp%2Fv2%2Fmedia&parent=1186"}],"wp:term":[{"taxonomy":"product_cat","embeddable":true,"href":"https:\/\/dzikus.com.pl\/index.php?rest_route=%2Fwp%2Fv2%2Fproduct_cat&post=1186"},{"taxonomy":"product_tag","embeddable":true,"href":"https:\/\/dzikus.com.pl\/index.php?rest_route=%2Fwp%2Fv2%2Fproduct_tag&post=1186"}],"curies":[{"name":"wp","href":"https:\/\/api.w.org\/{rel}","templated":true}]}}