{"id":1181,"date":"2024-10-09T12:24:29","date_gmt":"2024-10-09T10:24:29","guid":{"rendered":"http:\/\/dzikus.com.pl\/?post_type=product&#038;p=1181"},"modified":"2024-10-09T13:41:48","modified_gmt":"2024-10-09T11:41:48","slug":"gluszec-znaczek-mysliwski","status":"publish","type":"product","link":"https:\/\/dzikus.com.pl\/?product=gluszec-znaczek-mysliwski","title":{"rendered":"G\u0142uszec znaczek my\u015bliwski na magnes"},"content":{"rendered":"<p>&nbsp;<\/p>\n<h2 style=\"text-align: center;\">G\u0142uszec znaczek my\u015bliwski na magnes<\/h2>\n<p style=\"text-align: center;\">Przypinka g\u0142uszec na magnes kolor stary mosi\u0105dz wymiary\u00a0 26,5 x 23 mm<\/p>\n","protected":false},"excerpt":{"rendered":"<p>&nbsp; G\u0142uszec znaczek my\u015bliwski na magnes Przypinka g\u0142uszec na magnes [&hellip;]<\/p>\n","protected":false},"featured_media":1211,"template":"","meta":{"_acf_changed":false},"product_cat":[16,41],"product_tag":[],"class_list":{"0":"post-1181","1":"product","2":"type-product","3":"status-publish","4":"has-post-thumbnail","6":"product_cat-odziez","7":"product_cat-czapki-i-kapelusze","9":"first","10":"instock","11":"taxable","12":"shipping-taxable","13":"purchasable","14":"product-type-simple"},"acf":[],"jetpack_sharing_enabled":true,"_links":{"self":[{"href":"https:\/\/dzikus.com.pl\/index.php?rest_route=\/wp\/v2\/product\/1181","targetHints":{"allow":["GET"]}}],"collection":[{"href":"https:\/\/dzikus.com.pl\/index.php?rest_route=\/wp\/v2\/product"}],"about":[{"href":"https:\/\/dzikus.com.pl\/index.php?rest_route=\/wp\/v2\/types\/product"}],"wp:featuredmedia":[{"embeddable":true,"href":"https:\/\/dzikus.com.pl\/index.php?rest_route=\/wp\/v2\/media\/1211"}],"wp:attachment":[{"href":"https:\/\/dzikus.com.pl\/index.php?rest_route=%2Fwp%2Fv2%2Fmedia&parent=1181"}],"wp:term":[{"taxonomy":"product_cat","embeddable":true,"href":"https:\/\/dzikus.com.pl\/index.php?rest_route=%2Fwp%2Fv2%2Fproduct_cat&post=1181"},{"taxonomy":"product_tag","embeddable":true,"href":"https:\/\/dzikus.com.pl\/index.php?rest_route=%2Fwp%2Fv2%2Fproduct_tag&post=1181"}],"curies":[{"name":"wp","href":"https:\/\/api.w.org\/{rel}","templated":true}]}}