{"id":1176,"date":"2024-10-09T12:21:16","date_gmt":"2024-10-09T10:21:16","guid":{"rendered":"http:\/\/dzikus.com.pl\/?post_type=product&#038;p=1176"},"modified":"2024-10-09T12:21:16","modified_gmt":"2024-10-09T10:21:16","slug":"niedzwiedz-znaczek-mysliwski","status":"publish","type":"product","link":"https:\/\/dzikus.com.pl\/?product=niedzwiedz-znaczek-mysliwski","title":{"rendered":"Nied\u017awied\u017a znaczek my\u015bliwski"},"content":{"rendered":"<h2 class=\"product_title entry-title\" style=\"text-align: center;\">Nied\u017awied\u017a znaczek my\u015bliwski<\/h2>\n<p>Przypinka nied\u017awied\u017a na metalow\u0105 szpilk\u0119 kolor stary mosi\u0105dz wymiary\u00a0 19 x 18 mm<\/p>\n","protected":false},"excerpt":{"rendered":"<p>Nied\u017awied\u017a znaczek my\u015bliwski Przypinka nied\u017awied\u017a na metalow\u0105 szpilk\u0119 kolor stary [&hellip;]<\/p>\n","protected":false},"featured_media":1177,"template":"","meta":{"_acf_changed":false},"product_cat":[16,41],"product_tag":[],"class_list":{"0":"post-1176","1":"product","2":"type-product","3":"status-publish","4":"has-post-thumbnail","6":"product_cat-odziez","7":"product_cat-czapki-i-kapelusze","9":"first","10":"instock","11":"taxable","12":"shipping-taxable","13":"purchasable","14":"product-type-simple"},"acf":[],"jetpack_sharing_enabled":true,"_links":{"self":[{"href":"https:\/\/dzikus.com.pl\/index.php?rest_route=\/wp\/v2\/product\/1176","targetHints":{"allow":["GET"]}}],"collection":[{"href":"https:\/\/dzikus.com.pl\/index.php?rest_route=\/wp\/v2\/product"}],"about":[{"href":"https:\/\/dzikus.com.pl\/index.php?rest_route=\/wp\/v2\/types\/product"}],"wp:featuredmedia":[{"embeddable":true,"href":"https:\/\/dzikus.com.pl\/index.php?rest_route=\/wp\/v2\/media\/1177"}],"wp:attachment":[{"href":"https:\/\/dzikus.com.pl\/index.php?rest_route=%2Fwp%2Fv2%2Fmedia&parent=1176"}],"wp:term":[{"taxonomy":"product_cat","embeddable":true,"href":"https:\/\/dzikus.com.pl\/index.php?rest_route=%2Fwp%2Fv2%2Fproduct_cat&post=1176"},{"taxonomy":"product_tag","embeddable":true,"href":"https:\/\/dzikus.com.pl\/index.php?rest_route=%2Fwp%2Fv2%2Fproduct_tag&post=1176"}],"curies":[{"name":"wp","href":"https:\/\/api.w.org\/{rel}","templated":true}]}}