{"id":1172,"date":"2024-10-09T12:15:54","date_gmt":"2024-10-09T10:15:54","guid":{"rendered":"http:\/\/dzikus.com.pl\/?post_type=product&#038;p=1172"},"modified":"2024-10-09T12:15:55","modified_gmt":"2024-10-09T10:15:55","slug":"hubertus-znaczek-mysliwski","status":"publish","type":"product","link":"https:\/\/dzikus.com.pl\/?product=hubertus-znaczek-mysliwski","title":{"rendered":"Hubertus znaczek my\u015bliwski"},"content":{"rendered":"<h2 class=\"product_title entry-title\" style=\"text-align: center;\">Hubertus znaczek my\u015bliwski<\/h2>\n<p>Przypinka jele\u0144 Hubertus na metalow\u0105 szpilk\u0119 kolor stary mosi\u0105dz wymiary 40 x 29 mm<\/p>\n","protected":false},"excerpt":{"rendered":"<p>Hubertus znaczek my\u015bliwski Przypinka jele\u0144 Hubertus na metalow\u0105 szpilk\u0119 kolor [&hellip;]<\/p>\n","protected":false},"featured_media":1173,"template":"","meta":{"_acf_changed":false},"product_cat":[16,41],"product_tag":[],"class_list":{"0":"post-1172","1":"product","2":"type-product","3":"status-publish","4":"has-post-thumbnail","6":"product_cat-odziez","7":"product_cat-czapki-i-kapelusze","9":"first","10":"instock","11":"taxable","12":"shipping-taxable","13":"purchasable","14":"product-type-simple"},"acf":[],"jetpack_sharing_enabled":true,"_links":{"self":[{"href":"https:\/\/dzikus.com.pl\/index.php?rest_route=\/wp\/v2\/product\/1172","targetHints":{"allow":["GET"]}}],"collection":[{"href":"https:\/\/dzikus.com.pl\/index.php?rest_route=\/wp\/v2\/product"}],"about":[{"href":"https:\/\/dzikus.com.pl\/index.php?rest_route=\/wp\/v2\/types\/product"}],"wp:featuredmedia":[{"embeddable":true,"href":"https:\/\/dzikus.com.pl\/index.php?rest_route=\/wp\/v2\/media\/1173"}],"wp:attachment":[{"href":"https:\/\/dzikus.com.pl\/index.php?rest_route=%2Fwp%2Fv2%2Fmedia&parent=1172"}],"wp:term":[{"taxonomy":"product_cat","embeddable":true,"href":"https:\/\/dzikus.com.pl\/index.php?rest_route=%2Fwp%2Fv2%2Fproduct_cat&post=1172"},{"taxonomy":"product_tag","embeddable":true,"href":"https:\/\/dzikus.com.pl\/index.php?rest_route=%2Fwp%2Fv2%2Fproduct_tag&post=1172"}],"curies":[{"name":"wp","href":"https:\/\/api.w.org\/{rel}","templated":true}]}}